{"id":9569,"date":"2025-05-26T15:23:16","date_gmt":"2025-05-26T13:23:16","guid":{"rendered":"https:\/\/lacavemontreuxriviera.ch\/?post_type=product&#038;p=9569"},"modified":"2025-11-07T11:56:30","modified_gmt":"2025-11-07T09:56:30","slug":"chateau-des-cretes-noble-assemblage-rouge-copie","status":"publish","type":"product","link":"https:\/\/lacavemontreuxriviera.ch\/de\/vin\/chateau-des-cretes-noble-assemblage-rouge-copie\/","title":{"rendered":"Ch\u00e2teau des Cr\u00eates <span style=\"color:#c19328;font-style:italic;font-size:65%;\"><br> Noble Assemblage Rouge<\/span> (Copie)"},"content":{"rendered":"","protected":false},"excerpt":{"rendered":"<p>Die Rebst\u00f6cke, die sich auf einem sanften, nach S\u00fcdosten ausgerichteten Hang ausbreiten, sind gut \u201ebeh\u00fctet\u201c: nicht nur von den Winzern, die sie pflegen, sondern auch von dem Geb\u00e4ude aus rotem Backstein, das von einem T\u00fcrmchen flankiert wird und sie \u00fcberragt. Das Ch\u00e2teau des Cr\u00eates wurde im Neo-Renaissance-Stil vom \u201eK\u00f6nig des Pariser Gases\u201c, Vincent Dubochet (1796-1877), Sohn eines Bauern aus Montreux, erbaut, der in seine Heimat zur\u00fcckkehrte, um seinen Erfolg zu verwirklichen, direkt neben den Orten, an denen Rousseau seine \u201eNouvelle H\u00e9lo\u00efse\u201c ansiedelte. Mit seinem fruchtigen, kr\u00e4ftigen Bouquet ist er sehr elegant und angenehm am Gaumen.<\/p>\n","protected":false},"featured_media":8423,"comment_status":"closed","ping_status":"closed","template":"","meta":[],"product_brand":[65],"product_cat":[104,108],"product_tag":[105],"class_list":{"0":"post-9569","1":"product","2":"type-product","3":"status-publish","4":"has-post-thumbnail","6":"product_brand-la-cave-montreux-riviera","7":"product_cat-medaillierte-weine","8":"product_cat-tradition-de","9":"product_tag-rot","11":"first","12":"outofstock","13":"shipping-taxable","14":"purchasable","15":"product-type-simple"},"_links":{"self":[{"href":"https:\/\/lacavemontreuxriviera.ch\/de\/wp-json\/wp\/v2\/product\/9569","targetHints":{"allow":["GET"]}}],"collection":[{"href":"https:\/\/lacavemontreuxriviera.ch\/de\/wp-json\/wp\/v2\/product"}],"about":[{"href":"https:\/\/lacavemontreuxriviera.ch\/de\/wp-json\/wp\/v2\/types\/product"}],"replies":[{"embeddable":true,"href":"https:\/\/lacavemontreuxriviera.ch\/de\/wp-json\/wp\/v2\/comments?post=9569"}],"wp:featuredmedia":[{"embeddable":true,"href":"https:\/\/lacavemontreuxriviera.ch\/de\/wp-json\/wp\/v2\/media\/8423"}],"wp:attachment":[{"href":"https:\/\/lacavemontreuxriviera.ch\/de\/wp-json\/wp\/v2\/media?parent=9569"}],"wp:term":[{"taxonomy":"product_brand","embeddable":true,"href":"https:\/\/lacavemontreuxriviera.ch\/de\/wp-json\/wp\/v2\/product_brand?post=9569"},{"taxonomy":"product_cat","embeddable":true,"href":"https:\/\/lacavemontreuxriviera.ch\/de\/wp-json\/wp\/v2\/product_cat?post=9569"},{"taxonomy":"product_tag","embeddable":true,"href":"https:\/\/lacavemontreuxriviera.ch\/de\/wp-json\/wp\/v2\/product_tag?post=9569"}],"curies":[{"name":"wp","href":"https:\/\/api.w.org\/{rel}","templated":true}]}}