{"id":9482,"date":"2025-05-23T15:28:34","date_gmt":"2025-05-23T13:28:34","guid":{"rendered":"https:\/\/lacavemontreuxriviera.ch\/?post_type=product&#038;p=9482"},"modified":"2025-09-25T18:53:24","modified_gmt":"2025-09-25T16:53:24","slug":"montreux-grand-vin-mousseux-brut-copie","status":"publish","type":"product","link":"https:\/\/lacavemontreuxriviera.ch\/de\/vin\/montreux-grand-vin-mousseux-brut-copie\/","title":{"rendered":"Montreux <span style=\"color:#c19328;font-style:italic;font-size:65%;\"><br>Grand Vin Mousseux BRUT<\/span> (Copie)"},"content":{"rendered":"","protected":false},"excerpt":{"rendered":"<p>Entdecken Sie nach dem Grand Vin Mousseux Ros\u00e9 nun auch die Brut-Version!<\/p>\n<p>Dies ist ein neuartiger Mousseux, bei dem die gleiche Philosophie wie beim trockenen Mousseux verfolgt wird.<br \/>\n\u00dcberraschend und k\u00fchn bietet er eine ebenso breite wie ungew\u00f6hnliche Aromenpalette.<\/p>\n<p>Die Subtilit\u00e4t seiner zartrosa Farbe unterstreicht seine Eleganz und Raffinesse.<br \/>\nZarte Noten von roten Fr\u00fcchten, intensiviert durch subtile Bl\u00e4schen.<\/p>\n<p>Hergestellt nach der traditionellen Methode.<\/p>\n","protected":false},"featured_media":8460,"comment_status":"closed","ping_status":"closed","template":"","meta":[],"product_brand":[65],"product_cat":[],"product_tag":[],"class_list":{"0":"post-9482","1":"product","2":"type-product","3":"status-publish","4":"has-post-thumbnail","6":"product_brand-la-cave-montreux-riviera","8":"first","9":"instock","10":"shipping-taxable","11":"purchasable","12":"product-type-variable"},"_links":{"self":[{"href":"https:\/\/lacavemontreuxriviera.ch\/de\/wp-json\/wp\/v2\/product\/9482","targetHints":{"allow":["GET"]}}],"collection":[{"href":"https:\/\/lacavemontreuxriviera.ch\/de\/wp-json\/wp\/v2\/product"}],"about":[{"href":"https:\/\/lacavemontreuxriviera.ch\/de\/wp-json\/wp\/v2\/types\/product"}],"replies":[{"embeddable":true,"href":"https:\/\/lacavemontreuxriviera.ch\/de\/wp-json\/wp\/v2\/comments?post=9482"}],"wp:featuredmedia":[{"embeddable":true,"href":"https:\/\/lacavemontreuxriviera.ch\/de\/wp-json\/wp\/v2\/media\/8460"}],"wp:attachment":[{"href":"https:\/\/lacavemontreuxriviera.ch\/de\/wp-json\/wp\/v2\/media?parent=9482"}],"wp:term":[{"taxonomy":"product_brand","embeddable":true,"href":"https:\/\/lacavemontreuxriviera.ch\/de\/wp-json\/wp\/v2\/product_brand?post=9482"},{"taxonomy":"product_cat","embeddable":true,"href":"https:\/\/lacavemontreuxriviera.ch\/de\/wp-json\/wp\/v2\/product_cat?post=9482"},{"taxonomy":"product_tag","embeddable":true,"href":"https:\/\/lacavemontreuxriviera.ch\/de\/wp-json\/wp\/v2\/product_tag?post=9482"}],"curies":[{"name":"wp","href":"https:\/\/api.w.org\/{rel}","templated":true}]}}