{"id":8948,"date":"2025-05-19T15:26:07","date_gmt":"2025-05-19T13:26:07","guid":{"rendered":"https:\/\/lacavemontreuxriviera.ch\/vin\/zentaur-abtei-von-st-maurice-merlot\/"},"modified":"2025-06-25T16:18:06","modified_gmt":"2025-06-25T14:18:06","slug":"zentaur-abtei-von-st-maurice-merlot","status":"publish","type":"product","link":"https:\/\/lacavemontreuxriviera.ch\/de\/vin\/zentaur-abtei-von-st-maurice-merlot\/","title":{"rendered":"Zentaur &#8211; Abtei von St-Maurice  <div style=\"color:#c19328;font-style:italic;font-size:65%;\">Merlot<\/div>"},"content":{"rendered":"<p>Centaur, ein Merlot, der wie ein mythologisches griechisches Tier aussieht, steht f\u00fcr die kr\u00e4ftige und fleischige Qualit\u00e4t eines au\u00dfergew\u00f6hnlichen Weines. Chiron, der Vormund von Achilles, bietet einen Wein mit dem Duft von dunklen Fr\u00fcchten und Vanilleakzenten, der einen edlen Ritt durch das Herz nie dagewesener Aromen erm\u00f6glicht.<\/p>\n<p>Wein aus dem Weingut der Abtei von Saint-Maurice, der von La Cave Montreux Riviera gekeltert und abgef\u00fcllt wurde.<\/p>\n<p>&nbsp;<\/p>\n<p>&nbsp;<\/p>\n","protected":false},"excerpt":{"rendered":"<p>Centaur, ein Merlot, der wie ein mythologisches griechisches Tier aussieht, steht f\u00fcr die kr\u00e4ftige und fleischige Qualit\u00e4t eines au\u00dfergew\u00f6hnlichen Weines. Chiron, der Vormund von Achilles, bietet einen Wein mit dem Duft von dunklen Fr\u00fcchten und Vanilleakzenten, der einen edlen Ritt durch das Herz nie dagewesener Aromen erm\u00f6glicht.<\/p>\n<p>Wein aus dem Weingut der Abtei von Saint-Maurice, der von La Cave Montreux Riviera gekeltert und abgef\u00fcllt wurde.<\/p>\n<p>&nbsp;<\/p>\n","protected":false},"featured_media":8382,"comment_status":"closed","ping_status":"closed","template":"","meta":[],"product_brand":[66],"product_cat":[120],"product_tag":[105],"class_list":{"0":"post-8948","1":"product","2":"type-product","3":"status-publish","4":"has-post-thumbnail","6":"product_brand-abbaye-de-st-maurice","7":"product_cat-zusammenarbeit","8":"product_tag-rot","10":"first","11":"instock","12":"shipping-taxable","13":"purchasable","14":"product-type-variable"},"_links":{"self":[{"href":"https:\/\/lacavemontreuxriviera.ch\/de\/wp-json\/wp\/v2\/product\/8948","targetHints":{"allow":["GET"]}}],"collection":[{"href":"https:\/\/lacavemontreuxriviera.ch\/de\/wp-json\/wp\/v2\/product"}],"about":[{"href":"https:\/\/lacavemontreuxriviera.ch\/de\/wp-json\/wp\/v2\/types\/product"}],"replies":[{"embeddable":true,"href":"https:\/\/lacavemontreuxriviera.ch\/de\/wp-json\/wp\/v2\/comments?post=8948"}],"wp:featuredmedia":[{"embeddable":true,"href":"https:\/\/lacavemontreuxriviera.ch\/de\/wp-json\/wp\/v2\/media\/8382"}],"wp:attachment":[{"href":"https:\/\/lacavemontreuxriviera.ch\/de\/wp-json\/wp\/v2\/media?parent=8948"}],"wp:term":[{"taxonomy":"product_brand","embeddable":true,"href":"https:\/\/lacavemontreuxriviera.ch\/de\/wp-json\/wp\/v2\/product_brand?post=8948"},{"taxonomy":"product_cat","embeddable":true,"href":"https:\/\/lacavemontreuxriviera.ch\/de\/wp-json\/wp\/v2\/product_cat?post=8948"},{"taxonomy":"product_tag","embeddable":true,"href":"https:\/\/lacavemontreuxriviera.ch\/de\/wp-json\/wp\/v2\/product_tag?post=8948"}],"curies":[{"name":"wp","href":"https:\/\/api.w.org\/{rel}","templated":true}]}}