{"id":8941,"date":"2025-05-19T15:27:07","date_gmt":"2025-05-19T13:27:07","guid":{"rendered":"https:\/\/lacavemontreuxriviera.ch\/vin\/benedictus-abtei-st-maurice-chardonnay\/"},"modified":"2025-06-25T16:19:13","modified_gmt":"2025-06-25T14:19:13","slug":"benedictus-abtei-st-maurice-chardonnay","status":"publish","type":"product","link":"https:\/\/lacavemontreuxriviera.ch\/de\/vin\/benedictus-abtei-st-maurice-chardonnay\/","title":{"rendered":"Benedictus &#8211; Abtei St-Maurice  <div style=\"color:#c19328;font-style:italic;font-size:65%;\">Chardonnay<\/div>"},"content":{"rendered":"<p>Benedictus, ein Chardonnay, der in Eichenf\u00e4ssern gereift ist, bringt die Gro\u00dfz\u00fcgigkeit der Natur im Dienste des Menschen zum Ausdruck. Seine zarten Vanillenoten vereinen sich zu einem originellen Nektar, der die F\u00fclle und den Reichtum des Geschmacks feiert.<\/p>\n<p>Wein aus dem Weingut der Abtei von Saint-Maurice, der von La Cave Montreux Riviera gekeltert und abgef\u00fcllt wurde.<\/p>\n<p>&nbsp;<\/p>\n","protected":false},"excerpt":{"rendered":"<p>Benedictus, ein Chardonnay, der in Eichenf\u00e4ssern gereift ist, bringt die Gro\u00dfz\u00fcgigkeit der Natur im Dienste des Menschen zum Ausdruck. Seine zarten Vanillenoten vereinen sich zu einem originellen Nektar, der die F\u00fclle und den Reichtum des Geschmacks feiert.<\/p>\n<p>Wein aus dem Weingut der Abtei von Saint-Maurice, der von La Cave Montreux Riviera gekeltert und abgef\u00fcllt wurde.<\/p>\n","protected":false},"featured_media":4117,"comment_status":"closed","ping_status":"closed","template":"","meta":[],"product_brand":[66],"product_cat":[120],"product_tag":[89],"class_list":{"0":"post-8941","1":"product","2":"type-product","3":"status-publish","4":"has-post-thumbnail","6":"product_brand-abbaye-de-st-maurice","7":"product_cat-zusammenarbeit","8":"product_tag-weis","10":"first","11":"instock","12":"shipping-taxable","13":"purchasable","14":"product-type-variable"},"_links":{"self":[{"href":"https:\/\/lacavemontreuxriviera.ch\/de\/wp-json\/wp\/v2\/product\/8941","targetHints":{"allow":["GET"]}}],"collection":[{"href":"https:\/\/lacavemontreuxriviera.ch\/de\/wp-json\/wp\/v2\/product"}],"about":[{"href":"https:\/\/lacavemontreuxriviera.ch\/de\/wp-json\/wp\/v2\/types\/product"}],"replies":[{"embeddable":true,"href":"https:\/\/lacavemontreuxriviera.ch\/de\/wp-json\/wp\/v2\/comments?post=8941"}],"wp:featuredmedia":[{"embeddable":true,"href":"https:\/\/lacavemontreuxriviera.ch\/de\/wp-json\/wp\/v2\/media\/4117"}],"wp:attachment":[{"href":"https:\/\/lacavemontreuxriviera.ch\/de\/wp-json\/wp\/v2\/media?parent=8941"}],"wp:term":[{"taxonomy":"product_brand","embeddable":true,"href":"https:\/\/lacavemontreuxriviera.ch\/de\/wp-json\/wp\/v2\/product_brand?post=8941"},{"taxonomy":"product_cat","embeddable":true,"href":"https:\/\/lacavemontreuxriviera.ch\/de\/wp-json\/wp\/v2\/product_cat?post=8941"},{"taxonomy":"product_tag","embeddable":true,"href":"https:\/\/lacavemontreuxriviera.ch\/de\/wp-json\/wp\/v2\/product_tag?post=8941"}],"curies":[{"name":"wp","href":"https:\/\/api.w.org\/{rel}","templated":true}]}}