{"id":8901,"date":"2025-05-25T15:24:06","date_gmt":"2025-05-25T15:24:06","guid":{"rendered":"https:\/\/lacavemontreuxriviera.ch\/vin\/reserve-du-chateau-assemblage-rouge\/"},"modified":"2025-06-25T16:14:53","modified_gmt":"2025-06-25T14:14:53","slug":"reserve-du-chateau-assemblage-rouge","status":"publish","type":"product","link":"https:\/\/lacavemontreuxriviera.ch\/de\/vin\/reserve-du-chateau-assemblage-rouge\/","title":{"rendered":"R\u00e9serve du Ch\u00e2teau <span style=\"color:#c19328;font-style:italic;font-size:65%;\"><br>Assemblage rouge <\/span>"},"content":{"rendered":"","protected":false},"excerpt":{"rendered":"<p>Auf den sonnigen Terrassen in der N\u00e4he des Ch\u00e2teau des Cr\u00eates entstand diese kr\u00e4ftige rote Assemblage aus drei Rebsorten: Galotta, Garanoir und Cabernet Franc. Ein Teil der Trauben wird auf traditionelle Weise mindestens 6 Wochen lang in Kisten eingetrocknet. Nach der G\u00e4rung in Eichenf\u00e4ssern ruht der Wein f\u00fcr mehr als einen ganzen Jahreszeitenzyklus in Barriques.<\/p>\n","protected":false},"featured_media":8472,"comment_status":"closed","ping_status":"closed","template":"","meta":[],"product_brand":[],"product_cat":[104,110],"product_tag":[105],"class_list":{"0":"post-8901","1":"product","2":"type-product","3":"status-publish","4":"has-post-thumbnail","6":"product_cat-medaillierte-weine","7":"product_cat-sammlung","8":"product_tag-rot","10":"first","11":"instock","12":"featured","13":"shipping-taxable","14":"purchasable","15":"product-type-simple"},"_links":{"self":[{"href":"https:\/\/lacavemontreuxriviera.ch\/de\/wp-json\/wp\/v2\/product\/8901","targetHints":{"allow":["GET"]}}],"collection":[{"href":"https:\/\/lacavemontreuxriviera.ch\/de\/wp-json\/wp\/v2\/product"}],"about":[{"href":"https:\/\/lacavemontreuxriviera.ch\/de\/wp-json\/wp\/v2\/types\/product"}],"replies":[{"embeddable":true,"href":"https:\/\/lacavemontreuxriviera.ch\/de\/wp-json\/wp\/v2\/comments?post=8901"}],"wp:featuredmedia":[{"embeddable":true,"href":"https:\/\/lacavemontreuxriviera.ch\/de\/wp-json\/wp\/v2\/media\/8472"}],"wp:attachment":[{"href":"https:\/\/lacavemontreuxriviera.ch\/de\/wp-json\/wp\/v2\/media?parent=8901"}],"wp:term":[{"taxonomy":"product_brand","embeddable":true,"href":"https:\/\/lacavemontreuxriviera.ch\/de\/wp-json\/wp\/v2\/product_brand?post=8901"},{"taxonomy":"product_cat","embeddable":true,"href":"https:\/\/lacavemontreuxriviera.ch\/de\/wp-json\/wp\/v2\/product_cat?post=8901"},{"taxonomy":"product_tag","embeddable":true,"href":"https:\/\/lacavemontreuxriviera.ch\/de\/wp-json\/wp\/v2\/product_tag?post=8901"}],"curies":[{"name":"wp","href":"https:\/\/api.w.org\/{rel}","templated":true}]}}