{"id":8899,"date":"2025-05-25T15:25:06","date_gmt":"2025-05-25T15:25:06","guid":{"rendered":"https:\/\/lacavemontreuxriviera.ch\/vin\/montreux-merlot\/"},"modified":"2025-06-25T16:13:27","modified_gmt":"2025-06-25T14:13:27","slug":"montreux-merlot","status":"publish","type":"product","link":"https:\/\/lacavemontreuxriviera.ch\/de\/vin\/montreux-merlot\/","title":{"rendered":"Montreux <span style=\"color:#c19328;font-style:italic;font-size:65%;\"><br>Merlot<\/span>"},"content":{"rendered":"","protected":false},"excerpt":{"rendered":"<p>Unser Merlot passt sich sehr gut an die Sonneneinstrahlung der Waadtl\u00e4nder Riviera an. Nach einer langen Mazeration wird der Wein in Eichenf\u00e4ssern ausgebaut. Dieser Merlot hat eine wundersch\u00f6ne granatrote Farbe und harmonische Tannine. Er verbindet auf subtile Weise komplexe Aromen von roten Fr\u00fcchten mit leichten Vanillenoten im Abgang.<\/p>\n","protected":false},"featured_media":8464,"comment_status":"closed","ping_status":"closed","template":"","meta":[],"product_brand":[],"product_cat":[104,110],"product_tag":[105],"class_list":{"0":"post-8899","1":"product","2":"type-product","3":"status-publish","4":"has-post-thumbnail","6":"product_cat-medaillierte-weine","7":"product_cat-sammlung","8":"product_tag-rot","10":"first","11":"instock","12":"featured","13":"shipping-taxable","14":"purchasable","15":"product-type-simple"},"_links":{"self":[{"href":"https:\/\/lacavemontreuxriviera.ch\/de\/wp-json\/wp\/v2\/product\/8899","targetHints":{"allow":["GET"]}}],"collection":[{"href":"https:\/\/lacavemontreuxriviera.ch\/de\/wp-json\/wp\/v2\/product"}],"about":[{"href":"https:\/\/lacavemontreuxriviera.ch\/de\/wp-json\/wp\/v2\/types\/product"}],"replies":[{"embeddable":true,"href":"https:\/\/lacavemontreuxriviera.ch\/de\/wp-json\/wp\/v2\/comments?post=8899"}],"wp:featuredmedia":[{"embeddable":true,"href":"https:\/\/lacavemontreuxriviera.ch\/de\/wp-json\/wp\/v2\/media\/8464"}],"wp:attachment":[{"href":"https:\/\/lacavemontreuxriviera.ch\/de\/wp-json\/wp\/v2\/media?parent=8899"}],"wp:term":[{"taxonomy":"product_brand","embeddable":true,"href":"https:\/\/lacavemontreuxriviera.ch\/de\/wp-json\/wp\/v2\/product_brand?post=8899"},{"taxonomy":"product_cat","embeddable":true,"href":"https:\/\/lacavemontreuxriviera.ch\/de\/wp-json\/wp\/v2\/product_cat?post=8899"},{"taxonomy":"product_tag","embeddable":true,"href":"https:\/\/lacavemontreuxriviera.ch\/de\/wp-json\/wp\/v2\/product_tag?post=8899"}],"curies":[{"name":"wp","href":"https:\/\/api.w.org\/{rel}","templated":true}]}}