{"id":8897,"date":"2025-05-25T15:26:05","date_gmt":"2025-05-25T15:26:05","guid":{"rendered":"https:\/\/lacavemontreuxriviera.ch\/vin\/chateau-des-cretes-pinot-noir\/"},"modified":"2025-06-25T16:12:07","modified_gmt":"2025-06-25T14:12:07","slug":"chateau-des-cretes-pinot-noir","status":"publish","type":"product","link":"https:\/\/lacavemontreuxriviera.ch\/de\/vin\/chateau-des-cretes-pinot-noir\/","title":{"rendered":"Ch\u00e2teau des Cr\u00eates <span style=\"color:#c19328;font-style:italic;font-size:65%;\"><br>Pinot Noir<\/span>"},"content":{"rendered":"","protected":false},"excerpt":{"rendered":"<p>Diese edle Rebsorte, die aus einer Auswahl alter St\u00e4mme stammt, wird auf traditionelle Weise vinifiziert und in Eichenf\u00e4ssern ausgebaut. Dieser Wein hat einen rassigen, eleganten und kr\u00e4ftigen Charakter und eine bemerkenswerte Alterungsf\u00e4higkeit.<\/p>\n","protected":false},"featured_media":8440,"comment_status":"closed","ping_status":"closed","template":"","meta":[],"product_brand":[65],"product_cat":[110],"product_tag":[105],"class_list":{"0":"post-8897","1":"product","2":"type-product","3":"status-publish","4":"has-post-thumbnail","6":"product_brand-la-cave-montreux-riviera","7":"product_cat-sammlung","8":"product_tag-rot","10":"first","11":"outofstock","12":"featured","13":"shipping-taxable","14":"purchasable","15":"product-type-simple"},"_links":{"self":[{"href":"https:\/\/lacavemontreuxriviera.ch\/de\/wp-json\/wp\/v2\/product\/8897","targetHints":{"allow":["GET"]}}],"collection":[{"href":"https:\/\/lacavemontreuxriviera.ch\/de\/wp-json\/wp\/v2\/product"}],"about":[{"href":"https:\/\/lacavemontreuxriviera.ch\/de\/wp-json\/wp\/v2\/types\/product"}],"replies":[{"embeddable":true,"href":"https:\/\/lacavemontreuxriviera.ch\/de\/wp-json\/wp\/v2\/comments?post=8897"}],"wp:featuredmedia":[{"embeddable":true,"href":"https:\/\/lacavemontreuxriviera.ch\/de\/wp-json\/wp\/v2\/media\/8440"}],"wp:attachment":[{"href":"https:\/\/lacavemontreuxriviera.ch\/de\/wp-json\/wp\/v2\/media?parent=8897"}],"wp:term":[{"taxonomy":"product_brand","embeddable":true,"href":"https:\/\/lacavemontreuxriviera.ch\/de\/wp-json\/wp\/v2\/product_brand?post=8897"},{"taxonomy":"product_cat","embeddable":true,"href":"https:\/\/lacavemontreuxriviera.ch\/de\/wp-json\/wp\/v2\/product_cat?post=8897"},{"taxonomy":"product_tag","embeddable":true,"href":"https:\/\/lacavemontreuxriviera.ch\/de\/wp-json\/wp\/v2\/product_tag?post=8897"}],"curies":[{"name":"wp","href":"https:\/\/api.w.org\/{rel}","templated":true}]}}