{"id":8891,"date":"2025-05-25T15:28:56","date_gmt":"2025-05-25T15:28:56","guid":{"rendered":"https:\/\/lacavemontreuxriviera.ch\/vin\/montreux-garanoir\/"},"modified":"2025-06-25T16:08:26","modified_gmt":"2025-06-25T14:08:26","slug":"montreux-garanoir","status":"publish","type":"product","link":"https:\/\/lacavemontreuxriviera.ch\/de\/vin\/montreux-garanoir\/","title":{"rendered":"Montreux <span style=\"color:#c19328;font-style:italic;font-size:65%;\"><br>Garanoir <\/span>"},"content":{"rendered":"","protected":false},"excerpt":{"rendered":"<p>Unser Garanoir, der aus unseren besten Parzellen ausgew\u00e4hlt wurde, ist ein Wein mit einer sch\u00f6nen aromatischen Komplexit\u00e4t und einer intensiven Farbe.<\/p>\n<p>Der Ausbau in Eichenf\u00e4ssern verleiht ihm F\u00fclle und Struktur, w\u00e4hrend er gleichzeitig einen weichen Geschmack und eine seltene Eleganz bewahrt.<\/p>\n","protected":false},"featured_media":8468,"comment_status":"closed","ping_status":"closed","template":"","meta":[],"product_brand":[65],"product_cat":[110],"product_tag":[105],"class_list":{"0":"post-8891","1":"product","2":"type-product","3":"status-publish","4":"has-post-thumbnail","6":"product_brand-la-cave-montreux-riviera","7":"product_cat-sammlung","8":"product_tag-rot","10":"first","11":"instock","12":"shipping-taxable","13":"purchasable","14":"product-type-simple"},"_links":{"self":[{"href":"https:\/\/lacavemontreuxriviera.ch\/de\/wp-json\/wp\/v2\/product\/8891","targetHints":{"allow":["GET"]}}],"collection":[{"href":"https:\/\/lacavemontreuxriviera.ch\/de\/wp-json\/wp\/v2\/product"}],"about":[{"href":"https:\/\/lacavemontreuxriviera.ch\/de\/wp-json\/wp\/v2\/types\/product"}],"replies":[{"embeddable":true,"href":"https:\/\/lacavemontreuxriviera.ch\/de\/wp-json\/wp\/v2\/comments?post=8891"}],"wp:featuredmedia":[{"embeddable":true,"href":"https:\/\/lacavemontreuxriviera.ch\/de\/wp-json\/wp\/v2\/media\/8468"}],"wp:attachment":[{"href":"https:\/\/lacavemontreuxriviera.ch\/de\/wp-json\/wp\/v2\/media?parent=8891"}],"wp:term":[{"taxonomy":"product_brand","embeddable":true,"href":"https:\/\/lacavemontreuxriviera.ch\/de\/wp-json\/wp\/v2\/product_brand?post=8891"},{"taxonomy":"product_cat","embeddable":true,"href":"https:\/\/lacavemontreuxriviera.ch\/de\/wp-json\/wp\/v2\/product_cat?post=8891"},{"taxonomy":"product_tag","embeddable":true,"href":"https:\/\/lacavemontreuxriviera.ch\/de\/wp-json\/wp\/v2\/product_tag?post=8891"}],"curies":[{"name":"wp","href":"https:\/\/api.w.org\/{rel}","templated":true}]}}