{"id":8886,"date":"2025-05-25T15:30:57","date_gmt":"2025-05-25T15:30:57","guid":{"rendered":"https:\/\/lacavemontreuxriviera.ch\/vin\/montreux-chardonnay\/"},"modified":"2025-06-25T15:55:53","modified_gmt":"2025-06-25T13:55:53","slug":"montreux-chardonnay","status":"publish","type":"product","link":"https:\/\/lacavemontreuxriviera.ch\/de\/vin\/montreux-chardonnay\/","title":{"rendered":"Montreux <span style=\"color:#c19328;font-style:italic;font-size:65%;\"><br>Chardonnay<\/span>"},"content":{"rendered":"","protected":false},"excerpt":{"rendered":"<p>Unser Chardonnay gedeiht auf Weinbergen in den H\u00f6henlagen von Montreux, die wundersch\u00f6n exponiert sind und auf B\u00f6den vom Typ \u201ealpine Mor\u00e4nen\u201c wachsen. Der Wein wird in Barriques ausgebaut und ruht mindestens ein Jahr lang auf feinem Hefesatz. Dieser ausgewogene und vollmundige Wein zeichnet sich durch komplexe Aromen aus, die sowohl fruchtig als auch blumig und w\u00fcrzig sind.<\/p>\n","protected":false},"featured_media":8456,"comment_status":"closed","ping_status":"closed","template":"","meta":[],"product_brand":[65],"product_cat":[104,110],"product_tag":[89],"class_list":{"0":"post-8886","1":"product","2":"type-product","3":"status-publish","4":"has-post-thumbnail","6":"product_brand-la-cave-montreux-riviera","7":"product_cat-medaillierte-weine","8":"product_cat-sammlung","9":"product_tag-weis","11":"first","12":"instock","13":"featured","14":"shipping-taxable","15":"purchasable","16":"product-type-simple"},"_links":{"self":[{"href":"https:\/\/lacavemontreuxriviera.ch\/de\/wp-json\/wp\/v2\/product\/8886","targetHints":{"allow":["GET"]}}],"collection":[{"href":"https:\/\/lacavemontreuxriviera.ch\/de\/wp-json\/wp\/v2\/product"}],"about":[{"href":"https:\/\/lacavemontreuxriviera.ch\/de\/wp-json\/wp\/v2\/types\/product"}],"replies":[{"embeddable":true,"href":"https:\/\/lacavemontreuxriviera.ch\/de\/wp-json\/wp\/v2\/comments?post=8886"}],"wp:featuredmedia":[{"embeddable":true,"href":"https:\/\/lacavemontreuxriviera.ch\/de\/wp-json\/wp\/v2\/media\/8456"}],"wp:attachment":[{"href":"https:\/\/lacavemontreuxriviera.ch\/de\/wp-json\/wp\/v2\/media?parent=8886"}],"wp:term":[{"taxonomy":"product_brand","embeddable":true,"href":"https:\/\/lacavemontreuxriviera.ch\/de\/wp-json\/wp\/v2\/product_brand?post=8886"},{"taxonomy":"product_cat","embeddable":true,"href":"https:\/\/lacavemontreuxriviera.ch\/de\/wp-json\/wp\/v2\/product_cat?post=8886"},{"taxonomy":"product_tag","embeddable":true,"href":"https:\/\/lacavemontreuxriviera.ch\/de\/wp-json\/wp\/v2\/product_tag?post=8886"}],"curies":[{"name":"wp","href":"https:\/\/api.w.org\/{rel}","templated":true}]}}