{"id":8869,"date":"2025-05-26T15:27:57","date_gmt":"2025-05-26T13:27:57","guid":{"rendered":"https:\/\/lacavemontreuxriviera.ch\/vin\/chateau-des-cretes-chasselas\/"},"modified":"2025-06-25T15:29:34","modified_gmt":"2025-06-25T13:29:34","slug":"chateau-des-cretes-chasselas","status":"publish","type":"product","link":"https:\/\/lacavemontreuxriviera.ch\/de\/vin\/chateau-des-cretes-chasselas\/","title":{"rendered":"Ch\u00e2teau des Cr\u00eates <span style=\"color:#c19328;font-style:italic;font-size:65%;\"><br>Chasselas<\/span>"},"content":{"rendered":"<p>Die Rebst\u00f6cke, die sich auf einem sanften, nach S\u00fcdosten ausgerichteten Hang ausbreiten, sind gut \u201ebeh\u00fctet\u201c: nicht nur von den Winzern, die sie pflegen, sondern auch von dem Geb\u00e4ude aus rotem Backstein, das von einem T\u00fcrmchen flankiert wird und sie \u00fcberragt.<\/p>\n<p>Das Ch\u00e2teau des Cr\u00eates wurde im Neorenaissancestil vom \u201ePariser Gask\u00f6nig\u201c Vincent Dubochet (1796-1877) erbaut, einem Bauernsohn aus Montreux, der in seine Heimat zur\u00fcckkehrte, um dort seinen Erfolg zu verwirklichen, gleich neben den Orten, an denen Rousseau seine \u201eNouvelle H\u00e9lo\u00efse\u201c schrieb.<\/p>\n<p>Dieser edle Chasselas ist elegant und blumig mit einer Note von Lindenbl\u00fcten und verzaubert den Gaumen.<\/p>\n","protected":false},"excerpt":{"rendered":"<p>Die Rebst\u00f6cke, die sich auf einem sanften, nach S\u00fcdosten ausgerichteten Hang ausbreiten, sind gut \u201ebeh\u00fctet\u201c: nicht nur von den Winzern, die sie pflegen, sondern auch von dem Geb\u00e4ude aus rotem Backstein, das von einem T\u00fcrmchen flankiert wird und sie \u00fcberragt.<\/p>\n<p>Das Ch\u00e2teau des Cr\u00eates wurde im Neorenaissancestil vom \u201ePariser Gask\u00f6nig\u201c Vincent Dubochet (1796-1877) erbaut, einem Bauernsohn aus Montreux, der in seine Heimat zur\u00fcckkehrte, um dort seinen Erfolg zu verwirklichen, gleich neben den Orten, an denen Rousseau seine \u201eNouvelle H\u00e9lo\u00efse\u201c schrieb.<\/p>\n<p>Dieser edle Chasselas, elegant und blumig mit einer Note von Lindenbl\u00fcten, verzaubert den Gaumen.<\/p>\n","protected":false},"featured_media":8420,"comment_status":"closed","ping_status":"closed","template":"","meta":[],"product_brand":[65],"product_cat":[104,108],"product_tag":[89],"class_list":{"0":"post-8869","1":"product","2":"type-product","3":"status-publish","4":"has-post-thumbnail","6":"product_brand-la-cave-montreux-riviera","7":"product_cat-medaillierte-weine","8":"product_cat-tradition-de","9":"product_tag-weis","11":"first","12":"instock","13":"shipping-taxable","14":"purchasable","15":"product-type-simple"},"_links":{"self":[{"href":"https:\/\/lacavemontreuxriviera.ch\/de\/wp-json\/wp\/v2\/product\/8869","targetHints":{"allow":["GET"]}}],"collection":[{"href":"https:\/\/lacavemontreuxriviera.ch\/de\/wp-json\/wp\/v2\/product"}],"about":[{"href":"https:\/\/lacavemontreuxriviera.ch\/de\/wp-json\/wp\/v2\/types\/product"}],"replies":[{"embeddable":true,"href":"https:\/\/lacavemontreuxriviera.ch\/de\/wp-json\/wp\/v2\/comments?post=8869"}],"wp:featuredmedia":[{"embeddable":true,"href":"https:\/\/lacavemontreuxriviera.ch\/de\/wp-json\/wp\/v2\/media\/8420"}],"wp:attachment":[{"href":"https:\/\/lacavemontreuxriviera.ch\/de\/wp-json\/wp\/v2\/media?parent=8869"}],"wp:term":[{"taxonomy":"product_brand","embeddable":true,"href":"https:\/\/lacavemontreuxriviera.ch\/de\/wp-json\/wp\/v2\/product_brand?post=8869"},{"taxonomy":"product_cat","embeddable":true,"href":"https:\/\/lacavemontreuxriviera.ch\/de\/wp-json\/wp\/v2\/product_cat?post=8869"},{"taxonomy":"product_tag","embeddable":true,"href":"https:\/\/lacavemontreuxriviera.ch\/de\/wp-json\/wp\/v2\/product_tag?post=8869"}],"curies":[{"name":"wp","href":"https:\/\/api.w.org\/{rel}","templated":true}]}}