{"id":8858,"date":"2025-05-26T15:29:56","date_gmt":"2025-05-26T15:29:56","guid":{"rendered":"https:\/\/lacavemontreuxriviera.ch\/vin\/chardonnenoble-terre\/"},"modified":"2025-05-26T15:29:56","modified_gmt":"2025-05-26T13:29:56","slug":"chardonnenoble-terre","status":"publish","type":"product","link":"https:\/\/lacavemontreuxriviera.ch\/de\/vin\/chardonnenoble-terre\/","title":{"rendered":"Chardonne<br><span style=\"color:#c19328;font-style:italic;font-size:65%;\">Noble Terre<\/span>"},"content":{"rendered":"","protected":false},"excerpt":{"rendered":"<p>Die Nase ist gro\u00dfz\u00fcgig, offen und voll. Sie zeigt eine sch\u00f6ne Intensit\u00e4t mit fruchtigen und blumigen Noten, gepaart mit dem Ausdruck des Terroirs, das die Komplexit\u00e4t dieses Bouquets unterstreicht.<br \/>\nIm Mund ist der Auftakt von Frucht, sch\u00f6nen mineralischen Noten und einer sch\u00f6nen Ausgewogenheit gepr\u00e4gt. <\/p>\n","protected":false},"featured_media":4188,"comment_status":"closed","ping_status":"closed","template":"","meta":[],"product_brand":[65],"product_cat":[108],"product_tag":[89],"class_list":{"0":"post-8858","1":"product","2":"type-product","3":"status-publish","4":"has-post-thumbnail","6":"product_brand-la-cave-montreux-riviera","7":"product_cat-tradition-de","8":"product_tag-weis","10":"first","11":"instock","12":"shipping-taxable","13":"purchasable","14":"product-type-variable"},"_links":{"self":[{"href":"https:\/\/lacavemontreuxriviera.ch\/de\/wp-json\/wp\/v2\/product\/8858","targetHints":{"allow":["GET"]}}],"collection":[{"href":"https:\/\/lacavemontreuxriviera.ch\/de\/wp-json\/wp\/v2\/product"}],"about":[{"href":"https:\/\/lacavemontreuxriviera.ch\/de\/wp-json\/wp\/v2\/types\/product"}],"replies":[{"embeddable":true,"href":"https:\/\/lacavemontreuxriviera.ch\/de\/wp-json\/wp\/v2\/comments?post=8858"}],"wp:featuredmedia":[{"embeddable":true,"href":"https:\/\/lacavemontreuxriviera.ch\/de\/wp-json\/wp\/v2\/media\/4188"}],"wp:attachment":[{"href":"https:\/\/lacavemontreuxriviera.ch\/de\/wp-json\/wp\/v2\/media?parent=8858"}],"wp:term":[{"taxonomy":"product_brand","embeddable":true,"href":"https:\/\/lacavemontreuxriviera.ch\/de\/wp-json\/wp\/v2\/product_brand?post=8858"},{"taxonomy":"product_cat","embeddable":true,"href":"https:\/\/lacavemontreuxriviera.ch\/de\/wp-json\/wp\/v2\/product_cat?post=8858"},{"taxonomy":"product_tag","embeddable":true,"href":"https:\/\/lacavemontreuxriviera.ch\/de\/wp-json\/wp\/v2\/product_tag?post=8858"}],"curies":[{"name":"wp","href":"https:\/\/api.w.org\/{rel}","templated":true}]}}