{"id":8852,"date":"2025-05-26T15:30:56","date_gmt":"2025-05-26T15:30:56","guid":{"rendered":"https:\/\/lacavemontreuxriviera.ch\/vin\/ausgewaehlte-ernte-chasselas\/"},"modified":"2025-06-23T18:19:21","modified_gmt":"2025-06-23T16:19:21","slug":"ausgewaehlte-ernte-chasselas","status":"publish","type":"product","link":"https:\/\/lacavemontreuxriviera.ch\/de\/vin\/ausgewaehlte-ernte-chasselas\/","title":{"rendered":"Ausgew\u00e4hlte Ernte <span style=\"color:#c19328;font-style:italic;font-size:65%;\"><br>Chasselas <\/span>"},"content":{"rendered":"<p>Diese alte Illustration zeigt unsere H\u00e4nge, die fr\u00fcher fast ausschlie\u00dflich mit Wein bepflanzt waren. Sie sind bei Liebhabern sch\u00f6ner Ausblicke beliebt, ein Trumpf der Riviera und des Lavaux im Laufe der Jahrhunderte und eine Quelle der Begeisterung f\u00fcr Touristen und zahlreiche K\u00fcnstler, von Lord Byron bis Freddie Mercury.<\/p>\n<p>Wenn Sie die Pfade und Ch\u00e2bles erklimmen, erleben Sie die Ramuzienne-Sch\u00f6nheit auf der Erde. Dieser Chasselas mit einem Bouquet und Noten von Zitrusfr\u00fcchten wird von einer feinen Mineralit\u00e4t unterst\u00fctzt.<\/p>\n","protected":false},"excerpt":{"rendered":"<p>Diese alte Illustration zeigt unsere H\u00e4nge, die fr\u00fcher fast ausschlie\u00dflich mit Wein bepflanzt waren. Sie sind bei Liebhabern sch\u00f6ner Ausblicke beliebt, ein Trumpf der Riviera und des Lavaux im Laufe der Jahrhunderte und eine Quelle der Begeisterung f\u00fcr Touristen und zahlreiche K\u00fcnstler, von Lord Byron bis Freddie Mercury.<\/p>\n<p>Wenn Sie die Pfade und Ch\u00e2bles erklimmen, erleben Sie die Ramuzienne-Sch\u00f6nheit auf der Erde. Dieser Chasselas mit einem Bouquet und Noten von Zitrusfr\u00fcchten wird von einer feinen Mineralit\u00e4t unterst\u00fctzt.<\/p>\n","protected":false},"featured_media":8432,"comment_status":"closed","ping_status":"closed","template":"","meta":[],"product_brand":[],"product_cat":[108],"product_tag":[89],"class_list":{"0":"post-8852","1":"product","2":"type-product","3":"status-publish","4":"has-post-thumbnail","6":"product_cat-tradition-de","7":"product_tag-weis","9":"first","10":"instock","11":"shipping-taxable","12":"purchasable","13":"product-type-variable"},"_links":{"self":[{"href":"https:\/\/lacavemontreuxriviera.ch\/de\/wp-json\/wp\/v2\/product\/8852","targetHints":{"allow":["GET"]}}],"collection":[{"href":"https:\/\/lacavemontreuxriviera.ch\/de\/wp-json\/wp\/v2\/product"}],"about":[{"href":"https:\/\/lacavemontreuxriviera.ch\/de\/wp-json\/wp\/v2\/types\/product"}],"replies":[{"embeddable":true,"href":"https:\/\/lacavemontreuxriviera.ch\/de\/wp-json\/wp\/v2\/comments?post=8852"}],"wp:featuredmedia":[{"embeddable":true,"href":"https:\/\/lacavemontreuxriviera.ch\/de\/wp-json\/wp\/v2\/media\/8432"}],"wp:attachment":[{"href":"https:\/\/lacavemontreuxriviera.ch\/de\/wp-json\/wp\/v2\/media?parent=8852"}],"wp:term":[{"taxonomy":"product_brand","embeddable":true,"href":"https:\/\/lacavemontreuxriviera.ch\/de\/wp-json\/wp\/v2\/product_brand?post=8852"},{"taxonomy":"product_cat","embeddable":true,"href":"https:\/\/lacavemontreuxriviera.ch\/de\/wp-json\/wp\/v2\/product_cat?post=8852"},{"taxonomy":"product_tag","embeddable":true,"href":"https:\/\/lacavemontreuxriviera.ch\/de\/wp-json\/wp\/v2\/product_tag?post=8852"}],"curies":[{"name":"wp","href":"https:\/\/api.w.org\/{rel}","templated":true}]}}