{"id":8846,"date":"2025-05-27T15:24:55","date_gmt":"2025-05-27T15:24:55","guid":{"rendered":"https:\/\/lacavemontreuxriviera.ch\/vin\/montreux-riviera-pinot-noir\/"},"modified":"2025-06-23T18:11:41","modified_gmt":"2025-06-23T16:11:41","slug":"montreux-riviera-pinot-noir","status":"publish","type":"product","link":"https:\/\/lacavemontreuxriviera.ch\/de\/vin\/montreux-riviera-pinot-noir\/","title":{"rendered":"Montreux Riviera <span style=\"color:#c19328;font-style:italic;font-size:65%;\"><br>Pinot Noir <\/span>"},"content":{"rendered":"","protected":false},"excerpt":{"rendered":"<p>Der Montreux Riviera Pinot Noir verf\u00fchrt schon in der ersten Nase und verbindet harmonisch Aromen von dunklen Fr\u00fcchten mit w\u00fcrzigen Noten, umh\u00fcllt von einem subtilen Hauch von Holz.<\/p>\n<p>Am Gaumen bietet dieser Wein einen ausgewogenen Auftakt, der von weichen Tanninen getragen wird, die das Ganze strukturieren, ohne es zu dominieren. Der Abgang enth\u00fcllt den ganzen aromatischen Reichtum, der von einem leicht holzigen Ger\u00fcst unterst\u00fctzt wird. Diese Kombination verleiht dem Montreux Riviera Pinot Noir eine sch\u00f6ne Harmonie und macht diesen Wein zu einer rassigen und eleganten Wahl f\u00fcr Liebhaber von Pinot Noir.<\/p>\n","protected":false},"featured_media":4157,"comment_status":"closed","ping_status":"closed","template":"","meta":[],"product_brand":[65],"product_cat":[104,88],"product_tag":[105],"class_list":{"0":"post-8846","1":"product","2":"type-product","3":"status-publish","4":"has-post-thumbnail","6":"product_brand-la-cave-montreux-riviera","7":"product_cat-medaillierte-weine","8":"product_cat-riviera-de","9":"product_tag-rot","11":"first","12":"instock","13":"shipping-taxable","14":"purchasable","15":"product-type-variable"},"_links":{"self":[{"href":"https:\/\/lacavemontreuxriviera.ch\/de\/wp-json\/wp\/v2\/product\/8846","targetHints":{"allow":["GET"]}}],"collection":[{"href":"https:\/\/lacavemontreuxriviera.ch\/de\/wp-json\/wp\/v2\/product"}],"about":[{"href":"https:\/\/lacavemontreuxriviera.ch\/de\/wp-json\/wp\/v2\/types\/product"}],"replies":[{"embeddable":true,"href":"https:\/\/lacavemontreuxriviera.ch\/de\/wp-json\/wp\/v2\/comments?post=8846"}],"wp:featuredmedia":[{"embeddable":true,"href":"https:\/\/lacavemontreuxriviera.ch\/de\/wp-json\/wp\/v2\/media\/4157"}],"wp:attachment":[{"href":"https:\/\/lacavemontreuxriviera.ch\/de\/wp-json\/wp\/v2\/media?parent=8846"}],"wp:term":[{"taxonomy":"product_brand","embeddable":true,"href":"https:\/\/lacavemontreuxriviera.ch\/de\/wp-json\/wp\/v2\/product_brand?post=8846"},{"taxonomy":"product_cat","embeddable":true,"href":"https:\/\/lacavemontreuxriviera.ch\/de\/wp-json\/wp\/v2\/product_cat?post=8846"},{"taxonomy":"product_tag","embeddable":true,"href":"https:\/\/lacavemontreuxriviera.ch\/de\/wp-json\/wp\/v2\/product_tag?post=8846"}],"curies":[{"name":"wp","href":"https:\/\/api.w.org\/{rel}","templated":true}]}}