{"id":8602,"date":"2025-05-27T15:26:55","date_gmt":"2025-05-27T15:26:55","guid":{"rendered":"https:\/\/lacavemontreuxriviera.ch\/vin\/montreux-riviera-chasselas\/"},"modified":"2025-06-23T17:54:38","modified_gmt":"2025-06-23T15:54:38","slug":"montreux-riviera-chasselas","status":"publish","type":"product","link":"https:\/\/lacavemontreuxriviera.ch\/de\/vin\/montreux-riviera-chasselas\/","title":{"rendered":"Montreux Riviera  <div style=\"color:#c19328;font-style:italic;font-size:65%;\">Chasselas<\/div>"},"content":{"rendered":"","protected":false},"excerpt":{"rendered":"<p>Der Chasselas Montreux RIVIERA zeichnet sich durch seine kristallklare Farbe mit goldenen Reflexen aus, die schon auf den ersten Blick fesselnd wirkt.<\/p>\n<div>\n<p>In der Nase zeigt dieser Wein zarte Aromen von Obstgartenfr\u00fcchten und wei\u00dfen Blumen, die durch eine subtile Mineralit\u00e4t, die einen Hauch von Eleganz und Frische verleiht, vervollkommnet werden.<\/p>\n<p>Am Gaumen zeigt sich der Chasselas Montreux RIVIERA genussvoll und dynamisch, dank einer angenehmen Frische, die die Aromen perfekt ausbalanciert. Jeder Schluck bietet ein raffiniertes sensorisches Erlebnis und macht diesen Wein zu einer wahren Feier der Weinregion der Riviera.<\/p>\n<\/div>\n","protected":false},"featured_media":4152,"comment_status":"closed","ping_status":"closed","template":"","meta":[],"product_brand":[65],"product_cat":[88],"product_tag":[89],"class_list":{"0":"post-8602","1":"product","2":"type-product","3":"status-publish","4":"has-post-thumbnail","6":"product_brand-la-cave-montreux-riviera","7":"product_cat-riviera-de","8":"product_tag-weis","10":"first","11":"instock","12":"shipping-taxable","13":"purchasable","14":"product-type-simple"},"_links":{"self":[{"href":"https:\/\/lacavemontreuxriviera.ch\/de\/wp-json\/wp\/v2\/product\/8602","targetHints":{"allow":["GET"]}}],"collection":[{"href":"https:\/\/lacavemontreuxriviera.ch\/de\/wp-json\/wp\/v2\/product"}],"about":[{"href":"https:\/\/lacavemontreuxriviera.ch\/de\/wp-json\/wp\/v2\/types\/product"}],"replies":[{"embeddable":true,"href":"https:\/\/lacavemontreuxriviera.ch\/de\/wp-json\/wp\/v2\/comments?post=8602"}],"wp:featuredmedia":[{"embeddable":true,"href":"https:\/\/lacavemontreuxriviera.ch\/de\/wp-json\/wp\/v2\/media\/4152"}],"wp:attachment":[{"href":"https:\/\/lacavemontreuxriviera.ch\/de\/wp-json\/wp\/v2\/media?parent=8602"}],"wp:term":[{"taxonomy":"product_brand","embeddable":true,"href":"https:\/\/lacavemontreuxriviera.ch\/de\/wp-json\/wp\/v2\/product_brand?post=8602"},{"taxonomy":"product_cat","embeddable":true,"href":"https:\/\/lacavemontreuxriviera.ch\/de\/wp-json\/wp\/v2\/product_cat?post=8602"},{"taxonomy":"product_tag","embeddable":true,"href":"https:\/\/lacavemontreuxriviera.ch\/de\/wp-json\/wp\/v2\/product_tag?post=8602"}],"curies":[{"name":"wp","href":"https:\/\/api.w.org\/{rel}","templated":true}]}}