{"id":8778,"date":"2025-05-28T12:34:50","date_gmt":"2025-05-28T10:34:50","guid":{"rendered":"https:\/\/lacavemontreuxriviera.ch\/terroir\/"},"modified":"2025-06-17T15:42:07","modified_gmt":"2025-06-17T13:42:07","slug":"terroir","status":"publish","type":"page","link":"https:\/\/lacavemontreuxriviera.ch\/de\/terroir\/","title":{"rendered":"Terroir"},"content":{"rendered":"\t\t<div data-elementor-type=\"wp-page\" data-elementor-id=\"8778\" class=\"elementor elementor-8778 elementor-4383\" data-elementor-post-type=\"page\">\n\t\t\t\t<div class=\"elementor-element elementor-element-ec366f0 e-flex e-con-boxed e-con e-parent\" data-id=\"ec366f0\" data-element_type=\"container\" data-e-type=\"container\" data-settings=\"{&quot;background_background&quot;:&quot;classic&quot;}\">\n\t\t\t\t\t<div class=\"e-con-inner\">\n\t\t<div class=\"elementor-element elementor-element-a9c1dd6 e-con-full e-flex e-con e-child\" data-id=\"a9c1dd6\" data-element_type=\"container\" data-e-type=\"container\">\n\t\t<div class=\"elementor-element elementor-element-1d7b64b e-con-full e-flex e-con e-child\" data-id=\"1d7b64b\" data-element_type=\"container\" data-e-type=\"container\">\n\t\t\t\t<div class=\"elementor-element elementor-element-1b6f9f5 elementor-widget elementor-widget-heading\" data-id=\"1b6f9f5\" data-element_type=\"widget\" data-e-type=\"widget\" data-widget_type=\"heading.default\">\n\t\t\t\t\t<h6 class=\"elementor-heading-title elementor-size-default\">Terroir<\/h6>\t\t\t\t<\/div>\n\t\t\t\t<div class=\"elementor-element elementor-element-a9023b5 elementor-widget elementor-widget-heading\" data-id=\"a9023b5\" data-element_type=\"widget\" data-e-type=\"widget\" data-widget_type=\"heading.default\">\n\t\t\t\t\t<h2 class=\"elementor-heading-title elementor-size-default\">Unser Terroir, eine Leidenschaft!<\/h2>\t\t\t\t<\/div>\n\t\t\t\t<div class=\"elementor-element elementor-element-9bf2025 elementor-widget elementor-widget-text-editor\" data-id=\"9bf2025\" data-element_type=\"widget\" data-e-type=\"widget\" data-widget_type=\"text-editor.default\">\n\t\t\t\t\t\t\t\t\t<div class=\"elementor-element elementor-element-2270927 elementor-widget elementor-widget-text-editor animated fadeInUp\" data-id=\"2270927\" data-element_type=\"widget\" data-settings=\"{\"_animation\":\"fadeInUp\"}\" data-widget_type=\"text-editor.default\"><div class=\"elementor-widget-container\"><div class=\"header-page-description\"><div class=\"header-page-description\"><div class=\"elementor-element elementor-element-2270927 elementor-widget elementor-widget-text-editor animated fadeInUp\" data-id=\"2270927\" data-element_type=\"widget\" data-settings=\"{\"_animation\":\"fadeInUp\"}\" data-widget_type=\"text-editor.default\"><div class=\"elementor-widget-container\"><div class=\"header-page-description\"><p>Die 40 Erzeuger unserer Genossenschaft bewirtschaften ihre Weinberge mit Leidenschaft und Pr\u00e4zision. Diese Winzerfamilien sind ihrem Land zutiefst verbunden und geben ihr Wissen von Generation zu Generation weiter, um ein au\u00dfergew\u00f6hnliches Terroir mit Strenge und Liebe zu gestalten. <\/p><p>In der Kellerei betrachten wir unsere Winzer als Weggef\u00e4hrten, als Br\u00fcder und Schwestern im Weinberg. Wir sind stolz darauf, ihre Ernte in Weine zu verwandeln, die wir gerne der Welt pr\u00e4sentieren m\u00f6chten. <\/p><\/div><\/div><\/div><\/div><\/div><\/div><\/div>\t\t\t\t\t\t\t\t<\/div>\n\t\t\t\t<\/div>\n\t\t\t\t<\/div>\n\t\t\t\t\t<\/div>\n\t\t\t\t<\/div>\n\t\t<div class=\"elementor-element elementor-element-4a558a3 e-con-full e-flex e-con e-parent\" data-id=\"4a558a3\" data-element_type=\"container\" data-e-type=\"container\">\n\t\t<div class=\"elementor-element elementor-element-538c75a e-con-full e-flex e-con e-child\" data-id=\"538c75a\" data-element_type=\"container\" data-e-type=\"container\">\n\t\t<div class=\"elementor-element elementor-element-2b3653a e-con-full e-flex e-con e-child\" data-id=\"2b3653a\" data-element_type=\"container\" data-e-type=\"container\" data-settings=\"{&quot;background_background&quot;:&quot;classic&quot;}\">\n\t\t<div class=\"elementor-element elementor-element-1ecb473 e-con-full e-flex e-con e-child\" data-id=\"1ecb473\" data-element_type=\"container\" data-e-type=\"container\">\n\t\t\t\t<div class=\"elementor-element elementor-element-f4497b8 elementor-icon-list--layout-inline elementor-list-item-link-inline elementor-align-center elementor-mobile-align-center header-section-navigation  elementor-widget elementor-widget-icon-list\" data-id=\"f4497b8\" data-element_type=\"widget\" data-e-type=\"widget\" data-widget_type=\"icon-list.default\">\n\t\t\t\t\t\t\t<ul class=\"elementor-icon-list-items elementor-inline-items\">\n\t\t\t\t\t\t\t<li class=\"elementor-icon-list-item elementor-inline-item\">\n\t\t\t\t\t\t\t\t\t\t\t<a href=\"#chateau-cretes\">\n\n\t\t\t\t\t\t\t\t\t\t\t<span class=\"elementor-icon-list-text\">Ch\u00e2teau des Cr\u00eates<\/span>\n\t\t\t\t\t\t\t\t\t\t\t<\/a>\n\t\t\t\t\t\t\t\t\t<\/li>\n\t\t\t\t\t\t\t\t<li class=\"elementor-icon-list-item elementor-inline-item\">\n\t\t\t\t\t\t\t\t\t\t\t<a href=\"#clos-chailly\">\n\n\t\t\t\t\t\t\t\t\t\t\t<span class=\"elementor-icon-list-text\">Clos de plan Chailly<\/span>\n\t\t\t\t\t\t\t\t\t\t\t<\/a>\n\t\t\t\t\t\t\t\t\t<\/li>\n\t\t\t\t\t\t\t\t<li class=\"elementor-icon-list-item elementor-inline-item\">\n\t\t\t\t\t\t\t\t\t\t\t<a href=\"#saint-vincent\">\n\n\t\t\t\t\t\t\t\t\t\t\t<span class=\"elementor-icon-list-text\">St.-Vincent-Tempel<\/span>\n\t\t\t\t\t\t\t\t\t\t\t<\/a>\n\t\t\t\t\t\t\t\t\t<\/li>\n\t\t\t\t\t\t\t\t<li class=\"elementor-icon-list-item elementor-inline-item\">\n\t\t\t\t\t\t\t\t\t\t\t<a href=\"#montreux\">\n\n\t\t\t\t\t\t\t\t\t\t\t<span class=\"elementor-icon-list-text\">Gemeinde Montreux<\/span>\n\t\t\t\t\t\t\t\t\t\t\t<\/a>\n\t\t\t\t\t\t\t\t\t<\/li>\n\t\t\t\t\t\t\t\t<li class=\"elementor-icon-list-item elementor-inline-item\">\n\t\t\t\t\t\t\t\t\t\t\t<a href=\"#la-tour-de-peilz\">\n\n\t\t\t\t\t\t\t\t\t\t\t<span class=\"elementor-icon-list-text\">Gemeinde La Tour de Peilz<\/span>\n\t\t\t\t\t\t\t\t\t\t\t<\/a>\n\t\t\t\t\t\t\t\t\t<\/li>\n\t\t\t\t\t\t\t\t<li class=\"elementor-icon-list-item elementor-inline-item\">\n\t\t\t\t\t\t\t\t\t\t\t<a href=\"#blonay\">\n\n\t\t\t\t\t\t\t\t\t\t\t<span class=\"elementor-icon-list-text\">Gemeinde Blonay<\/span>\n\t\t\t\t\t\t\t\t\t\t\t<\/a>\n\t\t\t\t\t\t\t\t\t<\/li>\n\t\t\t\t\t\t<\/ul>\n\t\t\t\t\t\t<\/div>\n\t\t\t\t<\/div>\n\t\t\t\t<\/div>\n\t\t\t\t<\/div>\n\t\t\t\t<\/div>\n\t\t<div class=\"elementor-element elementor-element-9e7e4ef e-con-full e-flex e-con e-parent\" data-id=\"9e7e4ef\" data-element_type=\"container\" data-e-type=\"container\" id=\"chateau-cretes\" data-settings=\"{&quot;background_background&quot;:&quot;classic&quot;}\">\n\t\t<div class=\"elementor-element elementor-element-f5e3765 e-con-full e-flex e-con e-child\" data-id=\"f5e3765\" data-element_type=\"container\" data-e-type=\"container\">\n\t\t\t\t<div class=\"elementor-element elementor-element-6daf2c0 animated-slow elementor-invisible elementor-widget elementor-widget-heading\" data-id=\"6daf2c0\" data-element_type=\"widget\" data-e-type=\"widget\" data-settings=\"{&quot;_animation&quot;:&quot;fadeInDown&quot;}\" data-widget_type=\"heading.default\">\n\t\t\t\t\t<h2 class=\"elementor-heading-title elementor-size-default\">Ch\u00e2teau des Cr\u00eates<\/h2>\t\t\t\t<\/div>\n\t\t\t\t<div class=\"elementor-element elementor-element-e0924af animated-slow elementor-widget elementor-widget-text-editor\" data-id=\"e0924af\" data-element_type=\"widget\" data-e-type=\"widget\" data-settings=\"{&quot;_animation&quot;:&quot;none&quot;}\" data-widget_type=\"text-editor.default\">\n\t\t\t\t\t\t\t\t\t<div class=\"box-description\"><p>Das Ch\u00e2teau des Cr\u00eates (1865), das die Ufer von Clarens und Basset \u00fcberblickt, ist ein architektonisches Juwel im Neo-Renaissance-Stil und steht unter Denkmalschutz. Es ist vom See aus sichtbar und beherbergt ein Weingut, das von La Cave Vevey-Montreux bewirtschaftet wird und aus Chasselas, Gamay, Pinot Noir, Garanoir und Cabernet Franc besteht. <\/p><\/div>\t\t\t\t\t\t\t\t<\/div>\n\t\t\t\t<\/div>\n\t\t<div class=\"elementor-element elementor-element-861b021 e-con-full e-flex elementor-invisible e-con e-child\" data-id=\"861b021\" data-element_type=\"container\" data-e-type=\"container\" data-settings=\"{&quot;background_background&quot;:&quot;classic&quot;,&quot;animation&quot;:&quot;fadeInRight&quot;}\">\n\t\t\t\t<\/div>\n\t\t\t\t<\/div>\n\t\t<div class=\"elementor-element elementor-element-4cd028f e-con-full e-flex e-con e-parent\" data-id=\"4cd028f\" data-element_type=\"container\" data-e-type=\"container\" id=\"clos-chailly\" data-settings=\"{&quot;background_background&quot;:&quot;classic&quot;}\">\n\t\t<div class=\"elementor-element elementor-element-8d16e2e e-con-full e-flex elementor-invisible e-con e-child\" data-id=\"8d16e2e\" data-element_type=\"container\" data-e-type=\"container\" data-settings=\"{&quot;background_background&quot;:&quot;classic&quot;,&quot;animation&quot;:&quot;fadeInLeft&quot;}\">\n\t\t\t\t<\/div>\n\t\t<div class=\"elementor-element elementor-element-959a06a e-con-full e-flex e-con e-child\" data-id=\"959a06a\" data-element_type=\"container\" data-e-type=\"container\">\n\t\t\t\t<div class=\"elementor-element elementor-element-bd927f4 animated-slow elementor-invisible elementor-widget elementor-widget-heading\" data-id=\"bd927f4\" data-element_type=\"widget\" data-e-type=\"widget\" data-settings=\"{&quot;_animation&quot;:&quot;fadeInDown&quot;}\" data-widget_type=\"heading.default\">\n\t\t\t\t\t<h2 class=\"elementor-heading-title elementor-size-default\">Clos de plan Chailly<\/h2>\t\t\t\t<\/div>\n\t\t\t\t<div class=\"elementor-element elementor-element-8b666b4 animated-slow elementor-widget elementor-widget-text-editor\" data-id=\"8b666b4\" data-element_type=\"widget\" data-e-type=\"widget\" data-settings=\"{&quot;_animation&quot;:&quot;none&quot;}\" data-widget_type=\"text-editor.default\">\n\t\t\t\t\t\t\t\t\t<div class=\"box-description\"><div class=\"box-description\"><div class=\"box-description\"><p>Dieser Clos, dessen Ursprung auf das <sup>17<\/sup>. Jahrhundert zur\u00fcckgeht, erhielt seinen Namen von dem Kloster, dessen Geb\u00e4ude noch immer existiert. Die Bezeichnung \u201eClos\u201c wurde 2010 offiziell anerkannt. Dieser einzigartige Ort, durch den der Pfad des Clos f\u00fchrt, produziert Weine aus einer einzigen homogenen Parzelle, die durch eine bestimmte Lage und ein bestimmtes Terroir definiert ist.  <\/p><\/div><\/div><\/div>\t\t\t\t\t\t\t\t<\/div>\n\t\t\t\t<\/div>\n\t\t\t\t<\/div>\n\t\t<div class=\"elementor-element elementor-element-2098efe e-con-full e-flex e-con e-parent\" data-id=\"2098efe\" data-element_type=\"container\" data-e-type=\"container\" id=\"saint-vincent\">\n\t\t<div class=\"elementor-element elementor-element-2adffea e-con-full e-flex e-con e-child\" data-id=\"2adffea\" data-element_type=\"container\" data-e-type=\"container\">\n\t\t\t\t<div class=\"elementor-element elementor-element-9b30f12 animated-slow elementor-invisible elementor-widget elementor-widget-heading\" data-id=\"9b30f12\" data-element_type=\"widget\" data-e-type=\"widget\" data-settings=\"{&quot;_animation&quot;:&quot;fadeInDown&quot;}\" data-widget_type=\"heading.default\">\n\t\t\t\t\t<h2 class=\"elementor-heading-title elementor-size-default\">St.-Vincent-Tempel<\/h2>\t\t\t\t<\/div>\n\t\t\t\t<div class=\"elementor-element elementor-element-a1b8522 animated-slow elementor-widget elementor-widget-text-editor\" data-id=\"a1b8522\" data-element_type=\"widget\" data-e-type=\"widget\" data-settings=\"{&quot;_animation&quot;:&quot;none&quot;}\" data-widget_type=\"text-editor.default\">\n\t\t\t\t\t\t\t\t\t<p>Diese Kirche wurde Ende des <sup>15<\/sup>. Jahrhunderts auf den Ruinen eines alten Klosters errichtet und ist dem Heiligen Vinzenz, dem Schutzpatron der Weinbauern, gewidmet. Hier produzieren wir die Cuv\u00e9e Saint-Vincent, einen herrlichen Gamay mit subtilen Aromen. <\/p>\t\t\t\t\t\t\t\t<\/div>\n\t\t\t\t<\/div>\n\t\t<div class=\"elementor-element elementor-element-f87d8f8 e-con-full e-flex elementor-invisible e-con e-child\" data-id=\"f87d8f8\" data-element_type=\"container\" data-e-type=\"container\" data-settings=\"{&quot;background_background&quot;:&quot;classic&quot;,&quot;animation&quot;:&quot;fadeInRight&quot;}\">\n\t\t\t\t<\/div>\n\t\t\t\t<\/div>\n\t\t<div class=\"elementor-element elementor-element-d0a433b e-con-full e-flex e-con e-parent\" data-id=\"d0a433b\" data-element_type=\"container\" data-e-type=\"container\" id=\"montreux\" data-settings=\"{&quot;background_background&quot;:&quot;classic&quot;}\">\n\t\t<div class=\"elementor-element elementor-element-0061c01 e-con-full e-flex elementor-invisible e-con e-child\" data-id=\"0061c01\" data-element_type=\"container\" data-e-type=\"container\" data-settings=\"{&quot;background_background&quot;:&quot;classic&quot;,&quot;animation&quot;:&quot;fadeInLeft&quot;}\">\n\t\t\t\t<\/div>\n\t\t<div class=\"elementor-element elementor-element-fb85cc5 e-con-full e-flex e-con e-child\" data-id=\"fb85cc5\" data-element_type=\"container\" data-e-type=\"container\">\n\t\t\t\t<div class=\"elementor-element elementor-element-bf9bb48 animated-slow elementor-invisible elementor-widget elementor-widget-heading\" data-id=\"bf9bb48\" data-element_type=\"widget\" data-e-type=\"widget\" data-settings=\"{&quot;_animation&quot;:&quot;fadeInDown&quot;}\" data-widget_type=\"heading.default\">\n\t\t\t\t\t<h2 class=\"elementor-heading-title elementor-size-default\">Gemeinde Montreux<\/h2>\t\t\t\t<\/div>\n\t\t\t\t<div class=\"elementor-element elementor-element-e925815 animated-slow elementor-widget elementor-widget-text-editor\" data-id=\"e925815\" data-element_type=\"widget\" data-e-type=\"widget\" data-settings=\"{&quot;_animation&quot;:&quot;none&quot;}\" data-widget_type=\"text-editor.default\">\n\t\t\t\t\t\t\t\t\t<div class=\"box-description\"><div class=\"box-description\"><div class=\"box-description\"><p>Die Weinberge von Montreux liegen auf alpinen Mor\u00e4nen, die reich an Kies sind, der vor 15.000 Jahren vom Rhonegletscher abgelagert wurde. Je nach Jahrgang sind die Weine aus diesen B\u00f6den von eleganter Fruchtigkeit und kontrollierter S\u00e4ure gepr\u00e4gt. Die Gemeinde bewirtschaftet mehr als 17.000 m\u00b2 Weinberge am Fu\u00dfe des Ch\u00e2teau du Ch\u00e2telard (\u201eEs Ruffinel\u201c) und in Chailly (\u201eEn Rouvelaunaz\u201c).  <\/p><\/div><\/div><\/div>\t\t\t\t\t\t\t\t<\/div>\n\t\t\t\t<\/div>\n\t\t\t\t<\/div>\n\t\t<div class=\"elementor-element elementor-element-0c224ca e-con-full e-flex e-con e-parent\" data-id=\"0c224ca\" data-element_type=\"container\" data-e-type=\"container\" id=\"la-tour-de-peilz\">\n\t\t<div class=\"elementor-element elementor-element-7b38818 e-con-full e-flex e-con e-child\" data-id=\"7b38818\" data-element_type=\"container\" data-e-type=\"container\">\n\t\t\t\t<div class=\"elementor-element elementor-element-fca9391 animated-slow elementor-invisible elementor-widget elementor-widget-heading\" data-id=\"fca9391\" data-element_type=\"widget\" data-e-type=\"widget\" data-settings=\"{&quot;_animation&quot;:&quot;fadeInDown&quot;}\" data-widget_type=\"heading.default\">\n\t\t\t\t\t<h2 class=\"elementor-heading-title elementor-size-default\">Gemeinde La Tour de Peilz<\/h2>\t\t\t\t<\/div>\n\t\t\t\t<div class=\"elementor-element elementor-element-dcda06b animated-slow elementor-widget elementor-widget-text-editor\" data-id=\"dcda06b\" data-element_type=\"widget\" data-e-type=\"widget\" data-settings=\"{&quot;_animation&quot;:&quot;none&quot;}\" data-widget_type=\"text-editor.default\">\n\t\t\t\t\t\t\t\t\t<div class=\"box-description\"><div class=\"box-description\"><p>Das Weinbaugebiet mit einer Fl\u00e4che von \u00fcber 30.000 m\u00b2 befindet sich im oberen Teil der Gemeinde und liegt auf B\u00f6den aus rotem Mergel, einem 25 Millionen Jahre alten Gestein. Er ist weich und rissig, so dass die Wurzeln tief eindringen und das Wasser aufnehmen k\u00f6nnen, das f\u00fcr eine perfekte Reifung der Trauben auch im Sommer notwendig ist. <\/p><\/div><\/div>\t\t\t\t\t\t\t\t<\/div>\n\t\t\t\t<\/div>\n\t\t<div class=\"elementor-element elementor-element-803183a e-con-full e-flex elementor-invisible e-con e-child\" data-id=\"803183a\" data-element_type=\"container\" data-e-type=\"container\" data-settings=\"{&quot;background_background&quot;:&quot;classic&quot;,&quot;animation&quot;:&quot;fadeInRight&quot;}\">\n\t\t\t\t<\/div>\n\t\t\t\t<\/div>\n\t\t<div class=\"elementor-element elementor-element-d41bd69 e-con-full e-flex e-con e-parent\" data-id=\"d41bd69\" data-element_type=\"container\" data-e-type=\"container\" id=\"blonay\" data-settings=\"{&quot;background_background&quot;:&quot;classic&quot;}\">\n\t\t<div class=\"elementor-element elementor-element-f8de346 e-con-full e-flex elementor-invisible e-con e-child\" data-id=\"f8de346\" data-element_type=\"container\" data-e-type=\"container\" data-settings=\"{&quot;background_background&quot;:&quot;classic&quot;,&quot;animation&quot;:&quot;fadeInLeft&quot;}\">\n\t\t\t\t<\/div>\n\t\t<div class=\"elementor-element elementor-element-6e77448 e-con-full e-flex e-con e-child\" data-id=\"6e77448\" data-element_type=\"container\" data-e-type=\"container\">\n\t\t\t\t<div class=\"elementor-element elementor-element-fa4d7ed animated-slow elementor-invisible elementor-widget elementor-widget-heading\" data-id=\"fa4d7ed\" data-element_type=\"widget\" data-e-type=\"widget\" data-settings=\"{&quot;_animation&quot;:&quot;fadeInDown&quot;}\" data-widget_type=\"heading.default\">\n\t\t\t\t\t<h2 class=\"elementor-heading-title elementor-size-default\">Gemeinde Blonay<\/h2>\t\t\t\t<\/div>\n\t\t\t\t<div class=\"elementor-element elementor-element-0974353 animated-slow elementor-widget elementor-widget-text-editor\" data-id=\"0974353\" data-element_type=\"widget\" data-e-type=\"widget\" data-settings=\"{&quot;_animation&quot;:&quot;none&quot;}\" data-widget_type=\"text-editor.default\">\n\t\t\t\t\t\t\t\t\t<div class=\"box-description\"><div class=\"box-description\"><div class=\"box-description\"><div class=\"box-description\"><p>Die B\u00f6den von Blonay, die sogenannten Kolluviosole, haben sich am Fu\u00dfe der H\u00e4nge durch langsame Erosion gebildet. Sie sind filtrierend und reich an Sand, Kies und Steinen und ergeben elegante, feine Weine mit einer sch\u00f6nen Mineralit\u00e4t. <\/p><\/div><\/div><\/div><\/div>\t\t\t\t\t\t\t\t<\/div>\n\t\t\t\t<\/div>\n\t\t\t\t<\/div>\n\t\t<div class=\"elementor-element elementor-element-7968e6f e-flex e-con-boxed e-con e-parent\" data-id=\"7968e6f\" data-element_type=\"container\" data-e-type=\"container\" data-settings=\"{&quot;shape_divider_top&quot;:&quot;arrow&quot;}\">\n\t\t\t\t\t<div class=\"e-con-inner\">\n\t\t\t\t<div class=\"elementor-shape elementor-shape-top\" aria-hidden=\"true\" data-negative=\"false\">\n\t\t\t<svg xmlns=\"http:\/\/www.w3.org\/2000\/svg\" viewBox=\"0 0 700 10\" preserveAspectRatio=\"none\">\n\t<path class=\"elementor-shape-fill\" d=\"M350,10L340,0h20L350,10z\"\/>\n<\/svg>\t\t<\/div>\n\t\t<div class=\"elementor-element elementor-element-3e1e202 e-con-full e-flex e-con e-child\" data-id=\"3e1e202\" data-element_type=\"container\" data-e-type=\"container\">\n\t\t<div class=\"elementor-element elementor-element-e057414 e-con-full e-flex e-con e-child\" data-id=\"e057414\" data-element_type=\"container\" data-e-type=\"container\">\n\t\t<div class=\"elementor-element elementor-element-642b5d7 e-con-full e-flex e-con e-child\" data-id=\"642b5d7\" data-element_type=\"container\" data-e-type=\"container\" data-settings=\"{&quot;background_background&quot;:&quot;classic&quot;}\">\n\t\t\t\t<div class=\"elementor-element elementor-element-788205f elementor-widget elementor-widget-heading\" data-id=\"788205f\" data-element_type=\"widget\" data-e-type=\"widget\" data-widget_type=\"heading.default\">\n\t\t\t\t\t<h6 class=\"elementor-heading-title elementor-size-default\">Terroir<\/h6>\t\t\t\t<\/div>\n\t\t\t\t<div class=\"elementor-element elementor-element-a4a6af7 elementor-widget elementor-widget-heading\" data-id=\"a4a6af7\" data-element_type=\"widget\" data-e-type=\"widget\" data-widget_type=\"heading.default\">\n\t\t\t\t\t<h2 class=\"elementor-heading-title elementor-size-default\">Eine au\u00dfergew\u00f6hnliche Region<\/h2>\t\t\t\t<\/div>\n\t\t\t\t<div class=\"elementor-element elementor-element-0e9edfa elementor-widget elementor-widget-text-editor\" data-id=\"0e9edfa\" data-element_type=\"widget\" data-e-type=\"widget\" data-widget_type=\"text-editor.default\">\n\t\t\t\t\t\t\t\t\t<div class=\"elementor-element elementor-element-9a587b2 animated-slow elementor-widget elementor-widget-text-editor animated fadeInUp\" data-id=\"9a587b2\" data-element_type=\"widget\" data-settings=\"{\"_animation\":\"fadeInUp\"}\" data-widget_type=\"text-editor.default\"><div class=\"elementor-widget-container\"><div class=\"elementor-element elementor-element-2270927 elementor-widget elementor-widget-text-editor\" data-id=\"2270927\" data-element_type=\"widget\" data-widget_type=\"text-editor.default\"><div class=\"elementor-widget-container\"><div class=\"header-page-description\"><div class=\"header-page-description\"><p>Die Region Montreux liegt im Herzen der Waadtl\u00e4nder Riviera und verf\u00fcgt \u00fcber eine spektakul\u00e4re Umgebung. Das milde Klima, die gro\u00dfz\u00fcgige Sonneneinstrahlung und die Landschaft zwischen Weinterrassen, Alpen und dem Ufer des Genfersees schaffen eine ideale Umgebung f\u00fcr den Weinanbau. <\/p><p>Zwischen Natur, Kultur und Lebenskunst bringt dieses einzigartige Terroir reiche, ausdrucksstarke und authentische Weine hervor.<\/p><\/div><\/div><\/div><\/div><\/div><\/div>\t\t\t\t\t\t\t\t<\/div>\n\t\t\t\t<div class=\"elementor-element elementor-element-beeaae2 elementor-align-left elementor-button-outline elementor-mobile-align-justify elementor-widget elementor-widget-button\" data-id=\"beeaae2\" data-element_type=\"widget\" data-e-type=\"widget\" data-widget_type=\"button.default\">\n\t\t\t\t\t\t\t\t\t\t<a class=\"elementor-button elementor-button-link elementor-size-sm\" href=\"\/shop\">\n\t\t\t\t\t\t<span class=\"elementor-button-content-wrapper\">\n\t\t\t\t\t\t\t\t\t<span class=\"elementor-button-text\">Entdecken Sie die Weine<\/span>\n\t\t\t\t\t<\/span>\n\t\t\t\t\t<\/a>\n\t\t\t\t\t\t\t\t<\/div>\n\t\t\t\t<\/div>\n\t\t<div class=\"elementor-element elementor-element-6ab8469 e-con-full e-flex e-con e-child\" data-id=\"6ab8469\" data-element_type=\"container\" data-e-type=\"container\" data-settings=\"{&quot;background_background&quot;:&quot;classic&quot;,&quot;motion_fx_motion_fx_scrolling&quot;:&quot;yes&quot;,&quot;motion_fx_translateY_effect&quot;:&quot;yes&quot;,&quot;motion_fx_translateY_speed&quot;:{&quot;unit&quot;:&quot;px&quot;,&quot;size&quot;:4,&quot;sizes&quot;:[]},&quot;motion_fx_translateY_affectedRange&quot;:{&quot;unit&quot;:&quot;%&quot;,&quot;size&quot;:&quot;&quot;,&quot;sizes&quot;:{&quot;start&quot;:0,&quot;end&quot;:100}},&quot;motion_fx_devices&quot;:[&quot;desktop&quot;,&quot;tablet&quot;,&quot;mobile&quot;]}\">\n\t\t\t\t<div class=\"elementor-element elementor-element-baa6889 elementor-widget elementor-widget-spacer\" data-id=\"baa6889\" data-element_type=\"widget\" data-e-type=\"widget\" data-widget_type=\"spacer.default\">\n\t\t\t\t\t\t\t<div class=\"elementor-spacer\">\n\t\t\t<div class=\"elementor-spacer-inner\"><\/div>\n\t\t<\/div>\n\t\t\t\t\t\t<\/div>\n\t\t\t\t<\/div>\n\t\t\t\t<\/div>\n\t\t\t\t<\/div>\n\t\t\t\t\t<\/div>\n\t\t\t\t<\/div>\n\t\t\t\t<\/div>\n\t\t","protected":false},"excerpt":{"rendered":"<p>Terroir Unser Terroir, eine Leidenschaft! Die 40 Erzeuger unserer Genossenschaft bewirtschaften ihre Weinberge mit Leidenschaft und Pr\u00e4zision. Diese Winzerfamilien sind ihrem Land zutiefst verbunden und geben ihr Wissen von Generation zu Generation weiter, um ein au\u00dfergew\u00f6hnliches Terroir mit Strenge und Liebe zu gestalten. In der Kellerei betrachten wir unsere Winzer als Weggef\u00e4hrten, als Br\u00fcder und<\/p>\n<p class=\"more-link-wrapper\"><a class=\"btn btn-primary\" href=\"https:\/\/lacavemontreuxriviera.ch\/de\/terroir\/\">Read More<\/a><\/p>\n","protected":false},"author":1,"featured_media":0,"parent":0,"menu_order":9,"comment_status":"closed","ping_status":"closed","template":"elementor_header_footer","meta":{"footnotes":""},"class_list":["post-8778","page","type-page","status-publish","hentry"],"_links":{"self":[{"href":"https:\/\/lacavemontreuxriviera.ch\/de\/wp-json\/wp\/v2\/pages\/8778","targetHints":{"allow":["GET"]}}],"collection":[{"href":"https:\/\/lacavemontreuxriviera.ch\/de\/wp-json\/wp\/v2\/pages"}],"about":[{"href":"https:\/\/lacavemontreuxriviera.ch\/de\/wp-json\/wp\/v2\/types\/page"}],"author":[{"embeddable":true,"href":"https:\/\/lacavemontreuxriviera.ch\/de\/wp-json\/wp\/v2\/users\/1"}],"replies":[{"embeddable":true,"href":"https:\/\/lacavemontreuxriviera.ch\/de\/wp-json\/wp\/v2\/comments?post=8778"}],"version-history":[{"count":0,"href":"https:\/\/lacavemontreuxriviera.ch\/de\/wp-json\/wp\/v2\/pages\/8778\/revisions"}],"wp:attachment":[{"href":"https:\/\/lacavemontreuxriviera.ch\/de\/wp-json\/wp\/v2\/media?parent=8778"}],"curies":[{"name":"wp","href":"https:\/\/api.w.org\/{rel}","templated":true}]}}