{"id":8755,"date":"2025-06-02T10:58:39","date_gmt":"2025-06-02T08:58:39","guid":{"rendered":"https:\/\/lacavemontreuxriviera.ch\/agenda\/"},"modified":"2025-06-17T15:30:00","modified_gmt":"2025-06-17T13:30:00","slug":"agenda","status":"publish","type":"page","link":"https:\/\/lacavemontreuxriviera.ch\/de\/agenda\/","title":{"rendered":"Agenda"},"content":{"rendered":"\t\t<div data-elementor-type=\"wp-page\" data-elementor-id=\"8755\" class=\"elementor elementor-8755 elementor-4593\" data-elementor-post-type=\"page\">\n\t\t\t\t<div class=\"elementor-element elementor-element-ec366f0 e-flex e-con-boxed e-con e-parent\" data-id=\"ec366f0\" data-element_type=\"container\" data-e-type=\"container\" data-settings=\"{&quot;background_background&quot;:&quot;classic&quot;}\">\n\t\t\t\t\t<div class=\"e-con-inner\">\n\t\t<div class=\"elementor-element elementor-element-a9c1dd6 e-con-full e-flex e-con e-child\" data-id=\"a9c1dd6\" data-element_type=\"container\" data-e-type=\"container\">\n\t\t<div class=\"elementor-element elementor-element-1d7b64b e-con-full e-flex e-con e-child\" data-id=\"1d7b64b\" data-element_type=\"container\" data-e-type=\"container\">\n\t\t\t\t<div class=\"elementor-element elementor-element-a9023b5 elementor-widget elementor-widget-heading\" data-id=\"a9023b5\" data-element_type=\"widget\" data-e-type=\"widget\" data-widget_type=\"heading.default\">\n\t\t\t\t\t<h2 class=\"elementor-heading-title elementor-size-default\">Unsere Agenda<\/h2>\t\t\t\t<\/div>\n\t\t\t\t<div class=\"elementor-element elementor-element-9bf2025 elementor-widget elementor-widget-text-editor\" data-id=\"9bf2025\" data-element_type=\"widget\" data-e-type=\"widget\" data-widget_type=\"text-editor.default\">\n\t\t\t\t\t\t\t\t\t<div class=\"elementor-element elementor-element-2270927 elementor-widget elementor-widget-text-editor animated fadeInUp\" data-id=\"2270927\" data-element_type=\"widget\" data-settings=\"{\"_animation\":\"fadeInUp\"}\" data-widget_type=\"text-editor.default\"><div class=\"elementor-widget-container\"><div class=\"header-page-description\"><div class=\"header-page-description\"><div class=\"elementor-element elementor-element-2270927 elementor-widget elementor-widget-text-editor animated fadeInUp\" data-id=\"2270927\" data-element_type=\"widget\" data-settings=\"{\"_animation\":\"fadeInUp\"}\" data-widget_type=\"text-editor.default\"><div class=\"elementor-widget-container\"><div class=\"header-page-description\"><div class=\"box-description\"><p>La Cave Montreux Riviera bietet Ihnen das ganze Jahr \u00fcber Veranstaltungen rund um den Wein, die Region und die Geselligkeit.<\/p><p>Mit Weinproben, F\u00fchrungen, kulturellen Veranstaltungen, Erzeugerm\u00e4rkten und H\u00f6hepunkten des Weinbaus folgt unser Terminkalender dem Rhythmus der Jahreszeiten und des Weinbaus.<\/p><p>Kommen Sie zu uns, um einzigartige Momente zu teilen, unsere Cuv\u00e9es zu entdecken, unsere Winzer zu treffen und den Geist der Waadtl\u00e4nder Riviera in vollen Z\u00fcgen zu erleben.<\/p><\/div><\/div><\/div><\/div><\/div><\/div><\/div><\/div>\t\t\t\t\t\t\t\t<\/div>\n\t\t\t\t<\/div>\n\t\t\t\t<\/div>\n\t\t\t\t\t<\/div>\n\t\t\t\t<\/div>\n\t\t<div class=\"elementor-element elementor-element-9e7e4ef e-con-full e-flex e-con e-parent\" data-id=\"9e7e4ef\" data-element_type=\"container\" data-e-type=\"container\" id=\"chateau-cretes\" data-settings=\"{&quot;background_background&quot;:&quot;classic&quot;}\">\n\t\t<div class=\"elementor-element elementor-element-f5e3765 e-con-full e-flex e-con e-child\" data-id=\"f5e3765\" data-element_type=\"container\" data-e-type=\"container\">\n\t\t\t\t<div class=\"elementor-element elementor-element-6daf2c0 animated-slow elementor-invisible elementor-widget elementor-widget-heading\" data-id=\"6daf2c0\" data-element_type=\"widget\" data-e-type=\"widget\" data-settings=\"{&quot;_animation&quot;:&quot;fadeInDown&quot;}\" data-widget_type=\"heading.default\">\n\t\t\t\t\t<h2 class=\"elementor-heading-title elementor-size-default\">Agenda<\/h2>\t\t\t\t<\/div>\n\t\t\t\t<div class=\"elementor-element elementor-element-5cb81c9 elementor-invisible elementor-widget elementor-widget-eael-event-calendar\" data-id=\"5cb81c9\" data-element_type=\"widget\" data-e-type=\"widget\" data-settings=\"{&quot;_animation&quot;:&quot;fadeInUp&quot;}\" data-widget_type=\"eael-event-calendar.default\">\n\t\t\t\t\t<div class=\"eael-event-calendar-wrapper layout-table\">\t\t<table class=\"eael-event-calendar-table ea-ec-table-paginated ea-ec-table-sortable\" data-items-per-page=\"20\">\n\t\t\t<thead>\n\t\t\t<tr style=\"display: table-row;\">\n\t\t\t\t<th>Titre<\/th><th>Date<\/th>\t\t\t<\/tr>\n\t\t\t<\/thead>\n\t\t\t<tbody>\n\t\t\t<tr  ><td class=\"eael-ec-event-title\">Wohnen &amp; Garten<\/td><td class=\"eael-ec-event-date\"><span class=\"hide\">1741824000<\/span> 13.03.2025 - 17.03.2025<\/td><\/tr><tr  ><td class=\"eael-ec-event-title\">Zusammenleben in Blonay<\/td><td class=\"eael-ec-event-date\"><span class=\"hide\">1746878400<\/span> 10.05.2025  <\/td><\/tr><tr  ><td class=\"eael-ec-event-title\">Tag der offenen T\u00fcr bei La Cave  <\/td><td class=\"eael-ec-event-date\"><span class=\"hide\">1747483200<\/span> 17.05.2025  <\/td><\/tr><tr  ><td class=\"eael-ec-event-title\">Offene Waadtl\u00e4nder Weinkeller<\/td><td class=\"eael-ec-event-date\"><span class=\"hide\">1749254400<\/span> 07.06.2025 - 08.06.2025<\/td><\/tr><tr  ><td class=\"eael-ec-event-title\">Musikfest in Clarens<\/td><td class=\"eael-ec-event-date\"><span class=\"hide\">1750507200<\/span> 21.06.2025  <\/td><\/tr><tr  ><td class=\"eael-ec-event-title\">Montreux Jazz Festival<\/td><td class=\"eael-ec-event-date\"><span class=\"hide\">1751587200<\/span> 04.07.2025 - 20.06.2025<\/td><\/tr><tr  ><td class=\"eael-ec-event-title\">Folkloristischer Markt<\/td><td class=\"eael-ec-event-date\"><span class=\"hide\">1753531200<\/span> 26.07.2025  <\/td><\/tr><tr  ><td class=\"eael-ec-event-title\">Grillen des Winzers<\/td><td class=\"eael-ec-event-date\"><span class=\"hide\">1756036800<\/span> 24.08.2025  <\/td><\/tr><tr  ><td class=\"eael-ec-event-title\">Fest im Dorf Les Avants<\/td><td class=\"eael-ec-event-date\"><span class=\"hide\">1756036800<\/span> 24.08.2025  <\/td><\/tr><tr  ><td class=\"eael-ec-event-title\">Geschmack &amp; Terroir<\/td><td class=\"eael-ec-event-date\"><span class=\"hide\">1761696000<\/span> 29.10.2025 - 03.11.2025<\/td><\/tr><tr  ><td class=\"eael-ec-event-title\">Basel Weinfestival<\/td><td class=\"eael-ec-event-date\"><span class=\"hide\">1761868800<\/span> 31.10.2025 - 03.11.2025<\/td><\/tr><tr  ><td class=\"eael-ec-event-title\">Brent Fair  <\/td><td class=\"eael-ec-event-date\"><span class=\"hide\">1762473600<\/span> 07.11.2025 - 15.11.2025<\/td><\/tr><tr  ><td class=\"eael-ec-event-title\">Montreux Weihnachten  <\/td><td class=\"eael-ec-event-date\"><span class=\"hide\">1763596800<\/span> 20.11.2025 - 25.12.2025<\/td><\/tr>\t\t\t<\/tbody>\n\t\t<\/table>\n\n\t\t<div class=\"eael-event-calendar-pagination ea-ec-pagination-button\"><\/div><\/div>\t\t\t\t<\/div>\n\t\t\t\t<div class=\"elementor-element elementor-element-0b198e3 elementor-widget elementor-widget-html\" data-id=\"0b198e3\" data-element_type=\"widget\" data-e-type=\"widget\" data-widget_type=\"html.default\">\n\t\t\t\t\t<style>\n  tr.past-event {\n    opacity: 0.4;\n    color: #888;\n  }\n<\/style>\n\n<script>\n  document.addEventListener(\"DOMContentLoaded\", function () {\n    const now = Math.floor(Date.now() \/ 1000); \/\/ Timestamp actuel\n\n    \/\/ On r\u00e9cup\u00e8re toutes les lignes du tableau\n    document.querySelectorAll('.eael-event-calendar-table tbody tr').forEach(row => {\n      const dateCell = row.querySelector('.eael-ec-event-date');\n      if (!dateCell) return;\n\n      const timestampEl = dateCell.querySelector('span.hide');\n      if (!timestampEl) return;\n\n      const eventTimestamp = parseInt(timestampEl.textContent.trim(), 10);\n      if (!isNaN(eventTimestamp) && eventTimestamp < now) {\n        row.classList.add('past-event');\n      }\n    });\n  });\n<\/script>\n\t\t\t\t<\/div>\n\t\t\t\t<\/div>\n\t\t<div class=\"elementor-element elementor-element-861b021 e-con-full elementor-hidden-tablet elementor-hidden-mobile e-flex elementor-invisible e-con e-child\" data-id=\"861b021\" data-element_type=\"container\" data-e-type=\"container\" data-settings=\"{&quot;background_background&quot;:&quot;classic&quot;,&quot;animation&quot;:&quot;fadeInRight&quot;}\">\n\t\t\t\t<\/div>\n\t\t\t\t<\/div>\n\t\t<div class=\"elementor-element elementor-element-7968e6f e-flex e-con-boxed e-con e-parent\" data-id=\"7968e6f\" data-element_type=\"container\" data-e-type=\"container\">\n\t\t\t\t\t<div class=\"e-con-inner\">\n\t\t<div class=\"elementor-element elementor-element-3e1e202 e-con-full e-flex e-con e-child\" data-id=\"3e1e202\" data-element_type=\"container\" data-e-type=\"container\">\n\t\t<div class=\"elementor-element elementor-element-e057414 e-con-full e-flex e-con e-child\" data-id=\"e057414\" data-element_type=\"container\" data-e-type=\"container\">\n\t\t<div class=\"elementor-element elementor-element-642b5d7 e-con-full e-flex e-con e-child\" data-id=\"642b5d7\" data-element_type=\"container\" data-e-type=\"container\" data-settings=\"{&quot;background_background&quot;:&quot;classic&quot;}\">\n\t\t\t\t<div class=\"elementor-element elementor-element-788205f elementor-widget elementor-widget-heading\" data-id=\"788205f\" data-element_type=\"widget\" data-e-type=\"widget\" data-widget_type=\"heading.default\">\n\t\t\t\t\t<h6 class=\"elementor-heading-title elementor-size-default\">Terroir<\/h6>\t\t\t\t<\/div>\n\t\t\t\t<div class=\"elementor-element elementor-element-a4a6af7 elementor-widget elementor-widget-heading\" data-id=\"a4a6af7\" data-element_type=\"widget\" data-e-type=\"widget\" data-widget_type=\"heading.default\">\n\t\t\t\t\t<h2 class=\"elementor-heading-title elementor-size-default\">Eine au\u00dfergew\u00f6hnliche Region<\/h2>\t\t\t\t<\/div>\n\t\t\t\t<div class=\"elementor-element elementor-element-0e9edfa elementor-widget elementor-widget-text-editor\" data-id=\"0e9edfa\" data-element_type=\"widget\" data-e-type=\"widget\" data-widget_type=\"text-editor.default\">\n\t\t\t\t\t\t\t\t\t<div class=\"elementor-element elementor-element-9a587b2 animated-slow elementor-widget elementor-widget-text-editor animated fadeInUp\" data-id=\"9a587b2\" data-element_type=\"widget\" data-settings=\"{\"_animation\":\"fadeInUp\"}\" data-widget_type=\"text-editor.default\"><div class=\"elementor-widget-container\"><div class=\"elementor-element elementor-element-2270927 elementor-widget elementor-widget-text-editor\" data-id=\"2270927\" data-element_type=\"widget\" data-widget_type=\"text-editor.default\"><div class=\"elementor-widget-container\"><div class=\"header-page-description\"><div class=\"header-page-description\"><p>Die Region Montreux liegt im Herzen der Waadtl\u00e4nder Riviera und verf\u00fcgt \u00fcber eine spektakul\u00e4re Umgebung. Das milde Klima, die gro\u00dfz\u00fcgige Sonneneinstrahlung und die Landschaft zwischen Weinterrassen, Alpen und dem Ufer des Genfersees schaffen eine ideale Umgebung f\u00fcr den Weinanbau. <\/p><p>Zwischen Natur, Kultur und Lebenskunst bringt dieses einzigartige Terroir reiche, ausdrucksstarke und authentische Weine hervor.<\/p><\/div><\/div><\/div><\/div><\/div><\/div>\t\t\t\t\t\t\t\t<\/div>\n\t\t\t\t<div class=\"elementor-element elementor-element-beeaae2 elementor-align-left elementor-button-outline elementor-mobile-align-justify elementor-widget elementor-widget-button\" data-id=\"beeaae2\" data-element_type=\"widget\" data-e-type=\"widget\" data-widget_type=\"button.default\">\n\t\t\t\t\t\t\t\t\t\t<a class=\"elementor-button elementor-button-link elementor-size-sm\" href=\"\/shop\">\n\t\t\t\t\t\t<span class=\"elementor-button-content-wrapper\">\n\t\t\t\t\t\t\t\t\t<span class=\"elementor-button-text\">Entdecken Sie die Weine<\/span>\n\t\t\t\t\t<\/span>\n\t\t\t\t\t<\/a>\n\t\t\t\t\t\t\t\t<\/div>\n\t\t\t\t<\/div>\n\t\t<div class=\"elementor-element elementor-element-6ab8469 e-con-full e-flex e-con e-child\" data-id=\"6ab8469\" data-element_type=\"container\" data-e-type=\"container\" data-settings=\"{&quot;background_background&quot;:&quot;classic&quot;,&quot;motion_fx_motion_fx_scrolling&quot;:&quot;yes&quot;,&quot;motion_fx_translateY_effect&quot;:&quot;yes&quot;,&quot;motion_fx_translateY_speed&quot;:{&quot;unit&quot;:&quot;px&quot;,&quot;size&quot;:4,&quot;sizes&quot;:[]},&quot;motion_fx_translateY_affectedRange&quot;:{&quot;unit&quot;:&quot;%&quot;,&quot;size&quot;:&quot;&quot;,&quot;sizes&quot;:{&quot;start&quot;:0,&quot;end&quot;:100}},&quot;motion_fx_devices&quot;:[&quot;desktop&quot;,&quot;tablet&quot;,&quot;mobile&quot;]}\">\n\t\t\t\t<div class=\"elementor-element elementor-element-baa6889 elementor-widget elementor-widget-spacer\" data-id=\"baa6889\" data-element_type=\"widget\" data-e-type=\"widget\" data-widget_type=\"spacer.default\">\n\t\t\t\t\t\t\t<div class=\"elementor-spacer\">\n\t\t\t<div class=\"elementor-spacer-inner\"><\/div>\n\t\t<\/div>\n\t\t\t\t\t\t<\/div>\n\t\t\t\t<\/div>\n\t\t\t\t<\/div>\n\t\t\t\t<\/div>\n\t\t\t\t\t<\/div>\n\t\t\t\t<\/div>\n\t\t\t\t<\/div>\n\t\t","protected":false},"excerpt":{"rendered":"<p>Unsere Agenda La Cave Montreux Riviera bietet Ihnen das ganze Jahr \u00fcber Veranstaltungen rund um den Wein, die Region und die Geselligkeit. Mit Weinproben, F\u00fchrungen, kulturellen Veranstaltungen, Erzeugerm\u00e4rkten und H\u00f6hepunkten des Weinbaus folgt unser Terminkalender dem Rhythmus der Jahreszeiten und des Weinbaus. Kommen Sie zu uns, um einzigartige Momente zu teilen, unsere Cuv\u00e9es zu entdecken,<\/p>\n<p class=\"more-link-wrapper\"><a class=\"btn btn-primary\" href=\"https:\/\/lacavemontreuxriviera.ch\/de\/agenda\/\">Read More<\/a><\/p>\n","protected":false},"author":1,"featured_media":0,"parent":0,"menu_order":11,"comment_status":"closed","ping_status":"closed","template":"elementor_header_footer","meta":{"footnotes":""},"class_list":["post-8755","page","type-page","status-publish","hentry"],"_links":{"self":[{"href":"https:\/\/lacavemontreuxriviera.ch\/de\/wp-json\/wp\/v2\/pages\/8755","targetHints":{"allow":["GET"]}}],"collection":[{"href":"https:\/\/lacavemontreuxriviera.ch\/de\/wp-json\/wp\/v2\/pages"}],"about":[{"href":"https:\/\/lacavemontreuxriviera.ch\/de\/wp-json\/wp\/v2\/types\/page"}],"author":[{"embeddable":true,"href":"https:\/\/lacavemontreuxriviera.ch\/de\/wp-json\/wp\/v2\/users\/1"}],"replies":[{"embeddable":true,"href":"https:\/\/lacavemontreuxriviera.ch\/de\/wp-json\/wp\/v2\/comments?post=8755"}],"version-history":[{"count":0,"href":"https:\/\/lacavemontreuxriviera.ch\/de\/wp-json\/wp\/v2\/pages\/8755\/revisions"}],"wp:attachment":[{"href":"https:\/\/lacavemontreuxriviera.ch\/de\/wp-json\/wp\/v2\/media?parent=8755"}],"curies":[{"name":"wp","href":"https:\/\/api.w.org\/{rel}","templated":true}]}}