{"id":8744,"date":"2025-06-03T08:50:24","date_gmt":"2025-06-03T06:50:24","guid":{"rendered":"https:\/\/lacavemontreuxriviera.ch\/alkoholfreies-sortiment\/"},"modified":"2025-06-17T19:07:18","modified_gmt":"2025-06-17T17:07:18","slug":"alkoholfreies-sortiment","status":"publish","type":"page","link":"https:\/\/lacavemontreuxriviera.ch\/de\/alkoholfreies-sortiment\/","title":{"rendered":"Alkoholfreies Sortiment"},"content":{"rendered":"\t\t<div data-elementor-type=\"wp-page\" data-elementor-id=\"8744\" class=\"elementor elementor-8744 elementor-4729\" data-elementor-post-type=\"page\">\n\t\t\t\t<div class=\"elementor-element elementor-element-142d6e6 e-flex e-con-boxed e-con e-parent\" data-id=\"142d6e6\" data-element_type=\"container\" data-e-type=\"container\" data-settings=\"{&quot;background_background&quot;:&quot;classic&quot;}\">\n\t\t\t\t\t<div class=\"e-con-inner\">\n\t\t<div class=\"elementor-element elementor-element-1e11184 e-con-full e-flex e-con e-child\" data-id=\"1e11184\" data-element_type=\"container\" data-e-type=\"container\">\n\t\t<div class=\"elementor-element elementor-element-f8cc4de e-con-full e-flex e-con e-child\" data-id=\"f8cc4de\" data-element_type=\"container\" data-e-type=\"container\">\n\t\t\t\t<div class=\"elementor-element elementor-element-72b4b12 elementor-widget elementor-widget-heading\" data-id=\"72b4b12\" data-element_type=\"widget\" data-e-type=\"widget\" data-widget_type=\"heading.default\">\n\t\t\t\t\t<h6 class=\"elementor-heading-title elementor-size-default\">Unser Angebot<\/h6>\t\t\t\t<\/div>\n\t\t\t\t<div class=\"elementor-element elementor-element-5265bdb elementor-widget elementor-widget-heading\" data-id=\"5265bdb\" data-element_type=\"widget\" data-e-type=\"widget\" data-widget_type=\"heading.default\">\n\t\t\t\t\t<h2 class=\"elementor-heading-title elementor-size-default\">Ohne Alkohol<\/h2>\t\t\t\t<\/div>\n\t\t\t\t<div class=\"elementor-element elementor-element-d592c1e elementor-widget elementor-widget-text-editor\" data-id=\"d592c1e\" data-element_type=\"widget\" data-e-type=\"widget\" data-widget_type=\"text-editor.default\">\n\t\t\t\t\t\t\t\t\t<div class=\"elementor-element elementor-element-2270927 elementor-widget elementor-widget-text-editor animated fadeInUp\" data-id=\"2270927\" data-element_type=\"widget\" data-settings=\"{\"_animation\":\"fadeInUp\"}\" data-widget_type=\"text-editor.default\"><div class=\"elementor-widget-container\"><div class=\"header-page-description\"><div class=\"header-page-description\"><p>Unser Sortiment an Traubens\u00e4ften ist nat\u00fcrlich, erfrischend und integrativ, f\u00fcr jedes Alter und jeden Moment. Diese alkoholfreien S\u00e4fte werden aus Schweizer Rebsorten hergestellt und zeigen den Reichtum der Frucht in ihrer reinsten Form. Mit einem modernen Design und einer prickelnden Note bieten sie eine gesunde und festliche Alternative. Sie sind ideal, um sie mit der Familie oder mit Freunden zu teilen und zelebrieren die Lebensart der Riviera&#8230; ohne M\u00e4\u00dfigung.   <\/p><\/div><\/div><\/div><\/div>\t\t\t\t\t\t\t\t<\/div>\n\t\t\t\t<\/div>\n\t\t\t\t<\/div>\n\t\t\t\t\t<\/div>\n\t\t\t\t<\/div>\n\t\t<div class=\"elementor-element elementor-element-ca23783 e-flex e-con-boxed e-con e-parent\" data-id=\"ca23783\" data-element_type=\"container\" data-e-type=\"container\" id=\"chasselas\">\n\t\t\t\t\t<div class=\"e-con-inner\">\n\t\t<div class=\"elementor-element elementor-element-4c78889 e-con-full e-flex e-con e-child\" data-id=\"4c78889\" data-element_type=\"container\" data-e-type=\"container\">\n\t\t<div class=\"elementor-element elementor-element-2d6d035 e-con-full e-flex e-con e-child\" data-id=\"2d6d035\" data-element_type=\"container\" data-e-type=\"container\">\n\t\t<div class=\"elementor-element elementor-element-d42f916 e-con-full e-flex e-con e-child\" data-id=\"d42f916\" data-element_type=\"container\" data-e-type=\"container\">\n\t\t\t\t<div class=\"elementor-element elementor-element-55c7381 elementor-widget elementor-widget-heading\" data-id=\"55c7381\" data-element_type=\"widget\" data-e-type=\"widget\" data-widget_type=\"heading.default\">\n\t\t\t\t\t<h6 class=\"elementor-heading-title elementor-size-default\">Die<\/h6>\t\t\t\t<\/div>\n\t\t\t\t<div class=\"elementor-element elementor-element-4f54244 elementor-widget elementor-widget-heading\" data-id=\"4f54244\" data-element_type=\"widget\" data-e-type=\"widget\" data-widget_type=\"heading.default\">\n\t\t\t\t\t<h2 class=\"elementor-heading-title elementor-size-default\">Perle<\/h2>\t\t\t\t<\/div>\n\t\t\t\t<div class=\"elementor-element elementor-element-1a73f75 elementor-widget elementor-widget-text-editor\" data-id=\"1a73f75\" data-element_type=\"widget\" data-e-type=\"widget\" data-widget_type=\"text-editor.default\">\n\t\t\t\t\t\t\t\t\t<p data-start=\"96\" data-end=\"286\">La Perle ist ein prickelnder Traubensaft aus Chasselas, der nat\u00fcrlich erfrischend und reich an Antioxidantien ist. Ohne Zuckerzusatz verf\u00fchrt er Jung und Alt mit seiner Leichtigkeit und Finesse. <\/p>\t\t\t\t\t\t\t\t<\/div>\n\t\t\t\t<div class=\"elementor-element elementor-element-69a3dde elementor-button-outline elementor-widget elementor-widget-button\" data-id=\"69a3dde\" data-element_type=\"widget\" data-e-type=\"widget\" data-widget_type=\"button.default\">\n\t\t\t\t\t\t\t\t\t\t<a class=\"elementor-button elementor-button-link elementor-size-sm\" href=\"https:\/\/lacavemontreuxriviera.ch\/de\/vin\/traubensaft-mit-kohlensaeure\/\">\n\t\t\t\t\t\t<span class=\"elementor-button-content-wrapper\">\n\t\t\t\t\t\t\t\t\t<span class=\"elementor-button-text\">Traubensaft kaufen<\/span>\n\t\t\t\t\t<\/span>\n\t\t\t\t\t<\/a>\n\t\t\t\t\t\t\t\t<\/div>\n\t\t\t\t<\/div>\n\t\t<div class=\"elementor-element elementor-element-13d002e e-con-full e-flex e-con e-child\" data-id=\"13d002e\" data-element_type=\"container\" data-e-type=\"container\" data-settings=\"{&quot;background_motion_fx_scale_effect&quot;:&quot;yes&quot;,&quot;background_motion_fx_scale_direction&quot;:&quot;out-in&quot;,&quot;background_motion_fx_scale_speed&quot;:{&quot;unit&quot;:&quot;px&quot;,&quot;size&quot;:4,&quot;sizes&quot;:[]},&quot;background_motion_fx_scale_range&quot;:{&quot;unit&quot;:&quot;%&quot;,&quot;size&quot;:&quot;&quot;,&quot;sizes&quot;:{&quot;start&quot;:20,&quot;end&quot;:80}},&quot;background_motion_fx_devices&quot;:[&quot;desktop&quot;,&quot;tablet&quot;,&quot;mobile&quot;]}\">\n\t\t\t\t<div class=\"elementor-element elementor-element-77246f4 e-transform e-transform elementor-widget__width-initial elementor-widget elementor-widget-image\" data-id=\"77246f4\" data-element_type=\"widget\" data-e-type=\"widget\" data-settings=\"{&quot;motion_fx_motion_fx_scrolling&quot;:&quot;yes&quot;,&quot;motion_fx_translateY_effect&quot;:&quot;yes&quot;,&quot;motion_fx_translateY_direction&quot;:&quot;negative&quot;,&quot;motion_fx_translateY_speed&quot;:{&quot;unit&quot;:&quot;px&quot;,&quot;size&quot;:3,&quot;sizes&quot;:[]},&quot;motion_fx_devices&quot;:[&quot;desktop&quot;,&quot;tablet&quot;],&quot;_transform_scale_effect&quot;:{&quot;unit&quot;:&quot;px&quot;,&quot;size&quot;:1,&quot;sizes&quot;:[]},&quot;_transform_scale_effect_hover&quot;:{&quot;unit&quot;:&quot;px&quot;,&quot;size&quot;:1.1,&quot;sizes&quot;:[]},&quot;motion_fx_translateY_affectedRange&quot;:{&quot;unit&quot;:&quot;%&quot;,&quot;size&quot;:&quot;&quot;,&quot;sizes&quot;:{&quot;start&quot;:0,&quot;end&quot;:100}},&quot;_transform_scale_effect_tablet&quot;:{&quot;unit&quot;:&quot;px&quot;,&quot;size&quot;:&quot;&quot;,&quot;sizes&quot;:[]},&quot;_transform_scale_effect_mobile&quot;:{&quot;unit&quot;:&quot;px&quot;,&quot;size&quot;:&quot;&quot;,&quot;sizes&quot;:[]},&quot;_transform_scale_effect_hover_tablet&quot;:{&quot;unit&quot;:&quot;px&quot;,&quot;size&quot;:&quot;&quot;,&quot;sizes&quot;:[]},&quot;_transform_scale_effect_hover_mobile&quot;:{&quot;unit&quot;:&quot;px&quot;,&quot;size&quot;:&quot;&quot;,&quot;sizes&quot;:[]}}\" data-widget_type=\"image.default\">\n\t\t\t\t\t\t\t\t\t\t\t\t\t\t\t\t<a href=\"https:\/\/lacavemontreuxriviera.ch\/de\/vin\/montreux-riviera-chasselas\/\">\n\t\t\t\t\t\t\t<img fetchpriority=\"high\" decoding=\"async\" width=\"1280\" height=\"1920\" src=\"https:\/\/lacavemontreuxriviera.ch\/wp-content\/uploads\/2025\/05\/LCMR-LaPerleDeMontreux-33cl-Reflet-LD.png\" class=\"attachment-full size-full wp-image-4569\" alt=\"\" srcset=\"https:\/\/lacavemontreuxriviera.ch\/wp-content\/uploads\/2025\/05\/LCMR-LaPerleDeMontreux-33cl-Reflet-LD.png 1280w, https:\/\/lacavemontreuxriviera.ch\/wp-content\/uploads\/2025\/05\/LCMR-LaPerleDeMontreux-33cl-Reflet-LD-200x300.png 200w, https:\/\/lacavemontreuxriviera.ch\/wp-content\/uploads\/2025\/05\/LCMR-LaPerleDeMontreux-33cl-Reflet-LD-683x1024.png 683w, https:\/\/lacavemontreuxriviera.ch\/wp-content\/uploads\/2025\/05\/LCMR-LaPerleDeMontreux-33cl-Reflet-LD-768x1152.png 768w, https:\/\/lacavemontreuxriviera.ch\/wp-content\/uploads\/2025\/05\/LCMR-LaPerleDeMontreux-33cl-Reflet-LD-1024x1536.png 1024w\" sizes=\"(max-width: 1280px) 100vw, 1280px\" \/>\t\t\t\t\t\t\t\t<\/a>\n\t\t\t\t\t\t\t\t\t\t\t\t\t\t\t<\/div>\n\t\t\t\t<\/div>\n\t\t<div class=\"elementor-element elementor-element-da59037 e-con-full e-flex e-con e-child\" data-id=\"da59037\" data-element_type=\"container\" data-e-type=\"container\" data-settings=\"{&quot;background_background&quot;:&quot;classic&quot;}\">\n\t\t\t\t<div class=\"elementor-element elementor-element-c194d3c elementor-widget elementor-widget-heading\" data-id=\"c194d3c\" data-element_type=\"widget\" data-e-type=\"widget\" data-widget_type=\"heading.default\">\n\t\t\t\t\t<h5 class=\"elementor-heading-title elementor-size-default\">Kleid<\/h5>\t\t\t\t<\/div>\n\t\t\t\t<div class=\"elementor-element elementor-element-ce07038 elementor-widget elementor-widget-text-editor\" data-id=\"ce07038\" data-element_type=\"widget\" data-e-type=\"widget\" data-widget_type=\"text-editor.default\">\n\t\t\t\t\t\t\t\t\t<p>Hellgelb, gl\u00e4nzend und leicht perlend<\/p>\t\t\t\t\t\t\t\t<\/div>\n\t\t\t\t<div class=\"elementor-element elementor-element-3e17ad6 elementor-widget elementor-widget-heading\" data-id=\"3e17ad6\" data-element_type=\"widget\" data-e-type=\"widget\" data-widget_type=\"heading.default\">\n\t\t\t\t\t<h5 class=\"elementor-heading-title elementor-size-default\">Nase<\/h5>\t\t\t\t<\/div>\n\t\t\t\t<div class=\"elementor-element elementor-element-7076c50 elementor-widget elementor-widget-text-editor\" data-id=\"7076c50\" data-element_type=\"widget\" data-e-type=\"widget\" data-widget_type=\"text-editor.default\">\n\t\t\t\t\t\t\t\t\t<p data-start=\"358\" data-end=\"412\">Frische Aromen von Trauben und wei\u00dfen Blumen<\/p>\t\t\t\t\t\t\t\t<\/div>\n\t\t\t\t<div class=\"elementor-element elementor-element-ce9d00e elementor-widget elementor-widget-heading\" data-id=\"ce9d00e\" data-element_type=\"widget\" data-e-type=\"widget\" data-widget_type=\"heading.default\">\n\t\t\t\t\t<h5 class=\"elementor-heading-title elementor-size-default\">Palast<\/h5>\t\t\t\t<\/div>\n\t\t\t\t<div class=\"elementor-element elementor-element-db22147 elementor-widget elementor-widget-text-editor\" data-id=\"db22147\" data-element_type=\"widget\" data-e-type=\"widget\" data-widget_type=\"text-editor.default\">\n\t\t\t\t\t\t\t\t\t<p data-start=\"414\" data-end=\"502\">Erfrischend und lebendig, mit einer sch\u00f6nen Leichtigkeit und einer nat\u00fcrlichen fruchtigen Note.<\/p>\t\t\t\t\t\t\t\t<\/div>\n\t\t\t\t<\/div>\n\t\t\t\t<\/div>\n\t\t\t\t<\/div>\n\t\t\t\t\t<\/div>\n\t\t\t\t<\/div>\n\t\t\t\t<\/div>\n\t\t","protected":false},"excerpt":{"rendered":"<p>Unser Angebot Ohne Alkohol Unser Sortiment an Traubens\u00e4ften ist nat\u00fcrlich, erfrischend und integrativ, f\u00fcr jedes Alter und jeden Moment. Diese alkoholfreien S\u00e4fte werden aus Schweizer Rebsorten hergestellt und zeigen den Reichtum der Frucht in ihrer reinsten Form. Mit einem modernen Design und einer prickelnden Note bieten sie eine gesunde und festliche Alternative. Sie sind ideal,<\/p>\n<p class=\"more-link-wrapper\"><a class=\"btn btn-primary\" href=\"https:\/\/lacavemontreuxriviera.ch\/de\/alkoholfreies-sortiment\/\">Read More<\/a><\/p>\n","protected":false},"author":1,"featured_media":0,"parent":0,"menu_order":6,"comment_status":"closed","ping_status":"closed","template":"elementor_header_footer","meta":{"footnotes":""},"class_list":["post-8744","page","type-page","status-publish","hentry"],"_links":{"self":[{"href":"https:\/\/lacavemontreuxriviera.ch\/de\/wp-json\/wp\/v2\/pages\/8744","targetHints":{"allow":["GET"]}}],"collection":[{"href":"https:\/\/lacavemontreuxriviera.ch\/de\/wp-json\/wp\/v2\/pages"}],"about":[{"href":"https:\/\/lacavemontreuxriviera.ch\/de\/wp-json\/wp\/v2\/types\/page"}],"author":[{"embeddable":true,"href":"https:\/\/lacavemontreuxriviera.ch\/de\/wp-json\/wp\/v2\/users\/1"}],"replies":[{"embeddable":true,"href":"https:\/\/lacavemontreuxriviera.ch\/de\/wp-json\/wp\/v2\/comments?post=8744"}],"version-history":[{"count":0,"href":"https:\/\/lacavemontreuxriviera.ch\/de\/wp-json\/wp\/v2\/pages\/8744\/revisions"}],"wp:attachment":[{"href":"https:\/\/lacavemontreuxriviera.ch\/de\/wp-json\/wp\/v2\/media?parent=8744"}],"curies":[{"name":"wp","href":"https:\/\/api.w.org\/{rel}","templated":true}]}}