{"id":8741,"date":"2025-05-27T14:34:50","date_gmt":"2025-05-27T12:34:50","guid":{"rendered":"https:\/\/lacavemontreuxriviera.ch\/die-as-serie\/"},"modified":"2025-06-17T15:18:50","modified_gmt":"2025-06-17T13:18:50","slug":"die-as-serie","status":"publish","type":"page","link":"https:\/\/lacavemontreuxriviera.ch\/de\/die-as-serie\/","title":{"rendered":"Die As-Serie"},"content":{"rendered":"\t\t<div data-elementor-type=\"wp-page\" data-elementor-id=\"8741\" class=\"elementor elementor-8741 elementor-4279\" data-elementor-post-type=\"page\">\n\t\t\t\t<div class=\"elementor-element elementor-element-142d6e6 e-flex e-con-boxed e-con e-parent\" data-id=\"142d6e6\" data-element_type=\"container\" data-e-type=\"container\" data-settings=\"{&quot;background_background&quot;:&quot;video&quot;,&quot;background_video_link&quot;:&quot;https:\\\/\\\/www.youtube.com\\\/watch?v=9vFYELNmQjM&quot;,&quot;background_video_end&quot;:125}\">\n\t\t\t\t\t<div class=\"e-con-inner\">\n\t\t<div class=\"elementor-background-video-container elementor-hidden-mobile\">\n\t\t\t\t\t\t\t<div class=\"elementor-background-video-embed\" role=\"presentation\"><\/div>\n\t\t\t\t\t\t<\/div><div class=\"elementor-element elementor-element-1e11184 e-con-full e-flex e-con e-child\" data-id=\"1e11184\" data-element_type=\"container\" data-e-type=\"container\">\n\t\t<div class=\"elementor-element elementor-element-f8cc4de e-con-full e-flex e-con e-child\" data-id=\"f8cc4de\" data-element_type=\"container\" data-e-type=\"container\">\n\t\t\t\t<div class=\"elementor-element elementor-element-72b4b12 elementor-widget elementor-widget-heading\" data-id=\"72b4b12\" data-element_type=\"widget\" data-e-type=\"widget\" data-widget_type=\"heading.default\">\n\t\t\t\t\t<h6 class=\"elementor-heading-title elementor-size-default\">Unser Angebot<\/h6>\t\t\t\t<\/div>\n\t\t\t\t<div class=\"elementor-element elementor-element-5265bdb elementor-widget elementor-widget-heading\" data-id=\"5265bdb\" data-element_type=\"widget\" data-e-type=\"widget\" data-widget_type=\"heading.default\">\n\t\t\t\t\t<h2 class=\"elementor-heading-title elementor-size-default\">Die Asse<\/h2>\t\t\t\t<\/div>\n\t\t\t\t<div class=\"elementor-element elementor-element-d592c1e elementor-widget elementor-widget-text-editor\" data-id=\"d592c1e\" data-element_type=\"widget\" data-e-type=\"widget\" data-widget_type=\"text-editor.default\">\n\t\t\t\t\t\t\t\t\t<div class=\"elementor-element elementor-element-2270927 elementor-widget elementor-widget-text-editor animated fadeInUp\" data-id=\"2270927\" data-element_type=\"widget\" data-settings=\"{\"_animation\":\"fadeInUp\"}\" data-widget_type=\"text-editor.default\"><div class=\"elementor-widget-container\"><div class=\"header-page-description\"><div class=\"header-page-description\"><div class=\"header-page-description\"><div class=\"header-page-description\"><div class=\"header-page-description\"><p>Unsere Linie Les As ist zug\u00e4nglich und perfekt f\u00fcr alle geselligen Momente. Diese Weine, die k\u00fchl zu genie\u00dfen sind, haben es in sich und spiegeln die Qualit\u00e4t und das Know-how der Kellerei wider. Ob f\u00fcr einen Aperitif mit Freunden oder ein entspanntes Essen, die Les As Linie bietet Ihnen ein authentisches Vergn\u00fcgen.  <\/p><\/div><\/div><\/div><\/div><\/div><\/div><\/div>\t\t\t\t\t\t\t\t<\/div>\n\t\t\t\t<\/div>\n\t\t\t\t<\/div>\n\t\t\t\t\t<\/div>\n\t\t\t\t<\/div>\n\t\t<div class=\"elementor-element elementor-element-ca23783 e-flex e-con-boxed e-con e-parent\" data-id=\"ca23783\" data-element_type=\"container\" data-e-type=\"container\" id=\"chasselas\">\n\t\t\t\t\t<div class=\"e-con-inner\">\n\t\t\t\t<div class=\"elementor-element elementor-element-3f09716 elementor-grid-3 elementor-grid-tablet-3 elementor-grid-mobile-2 elementor-products-grid elementor-wc-products elementor-widget elementor-widget-woocommerce-products\" data-id=\"3f09716\" data-element_type=\"widget\" data-e-type=\"widget\" data-widget_type=\"woocommerce-products.default\">\n\t\t\t\t<div class=\"elementor-widget-container\">\n\t\t\t\t\t<div class=\"woocommerce columns-3 \"><ul class=\"products elementor-grid columns-3\">\n<li class=\"product type-product post-9584 status-publish first instock product_cat-carre-das-de product_tag-ohne-alkohol has-post-thumbnail featured shipping-taxable purchasable product-type-variable\">\n\t<div class=\"product-image-wrap\"><a href=\"https:\/\/lacavemontreuxriviera.ch\/de\/vin\/traubensaft-mit-kohlensaure-copie\/\" class=\"woocommerce-LoopProduct-link woocommerce-loop-product__link\"><img fetchpriority=\"high\" decoding=\"async\" width=\"1280\" height=\"1920\" src=\"https:\/\/lacavemontreuxriviera.ch\/wp-content\/uploads\/2025\/05\/LCMR-LaPerleDeMontreux-33cl-Reflet-LD.png\" class=\"attachment-woocommerce_thumbnail size-woocommerce_thumbnail\" alt=\"Traubensaft mit Kohlens\u00e4ure (Copie)\" srcset=\"https:\/\/lacavemontreuxriviera.ch\/wp-content\/uploads\/2025\/05\/LCMR-LaPerleDeMontreux-33cl-Reflet-LD.png 1280w, https:\/\/lacavemontreuxriviera.ch\/wp-content\/uploads\/2025\/05\/LCMR-LaPerleDeMontreux-33cl-Reflet-LD-200x300.png 200w, https:\/\/lacavemontreuxriviera.ch\/wp-content\/uploads\/2025\/05\/LCMR-LaPerleDeMontreux-33cl-Reflet-LD-683x1024.png 683w, https:\/\/lacavemontreuxriviera.ch\/wp-content\/uploads\/2025\/05\/LCMR-LaPerleDeMontreux-33cl-Reflet-LD-768x1152.png 768w, https:\/\/lacavemontreuxriviera.ch\/wp-content\/uploads\/2025\/05\/LCMR-LaPerleDeMontreux-33cl-Reflet-LD-1024x1536.png 1024w\" sizes=\"(max-width: 1280px) 100vw, 1280px\" \/><\/a><\/div><div class=\"product-meta-wrap\"><h2 class=\"woocommerce-loop-product__title\"><a href=\"https:\/\/lacavemontreuxriviera.ch\/de\/vin\/traubensaft-mit-kohlensaure-copie\/\">Traubensaft mit Kohlens\u00e4ure (Copie)<\/a><\/h2>\n\t<span class=\"price\"><span class=\"woocommerce-Price-amount amount\" aria-hidden=\"true\"><bdi><span class=\"woocommerce-Price-currencySymbol\">&#67;&#72;&#70;<\/span>&nbsp;3.60<\/bdi><\/span> <span aria-hidden=\"true\"> \u2013 <\/span> <span class=\"woocommerce-Price-amount amount\" aria-hidden=\"true\"><bdi><span class=\"woocommerce-Price-currencySymbol\">&#67;&#72;&#70;<\/span>&nbsp;40.00<\/bdi><\/span><span class=\"screen-reader-text\">Preisspanne: &#67;&#72;&#70;&nbsp;3.60 bis &#67;&#72;&#70;&nbsp;40.00<\/span><\/span>\n<a href=\"https:\/\/lacavemontreuxriviera.ch\/de\/vin\/traubensaft-mit-kohlensaure-copie\/\" aria-describedby=\"woocommerce_loop_add_to_cart_link_describedby_9584\" data-quantity=\"1\" class=\"button product_type_variable add_to_cart_button\" data-product_id=\"9584\" data-product_sku=\"\" aria-label=\"W\u00e4hle Optionen f\u00fcr \u201eTraubensaft mit Kohlens\u00e4ure (Copie)\u201c\" rel=\"nofollow\"><span class=\"loader\"><\/span><span>Ausf\u00fchrung w\u00e4hlen<\/span><\/a>\t<span id=\"woocommerce_loop_add_to_cart_link_describedby_9584\" class=\"screen-reader-text\">\n\t\tDieses Produkt weist mehrere Varianten auf. Die Optionen k\u00f6nnen auf der Produktseite gew\u00e4hlt werden\t<\/span>\n<\/div><\/li>\n<li class=\"product type-product post-8910 status-publish instock product_cat-carre-das-de product_tag-ohne-alkohol has-post-thumbnail featured shipping-taxable purchasable product-type-variable has-default-attributes\">\n\t<div class=\"product-image-wrap\"><a href=\"https:\/\/lacavemontreuxriviera.ch\/de\/vin\/traubensaft-mit-kohlensaeure\/\" class=\"woocommerce-LoopProduct-link woocommerce-loop-product__link\"><img decoding=\"async\" width=\"1280\" height=\"1920\" src=\"https:\/\/lacavemontreuxriviera.ch\/wp-content\/uploads\/2025\/05\/LCMR-LaPerleDeMontreux-33cl-Reflet-LD.png\" class=\"attachment-woocommerce_thumbnail size-woocommerce_thumbnail\" alt=\"Traubensaft mit Kohlens\u00e4ure\" srcset=\"https:\/\/lacavemontreuxriviera.ch\/wp-content\/uploads\/2025\/05\/LCMR-LaPerleDeMontreux-33cl-Reflet-LD.png 1280w, https:\/\/lacavemontreuxriviera.ch\/wp-content\/uploads\/2025\/05\/LCMR-LaPerleDeMontreux-33cl-Reflet-LD-200x300.png 200w, https:\/\/lacavemontreuxriviera.ch\/wp-content\/uploads\/2025\/05\/LCMR-LaPerleDeMontreux-33cl-Reflet-LD-683x1024.png 683w, https:\/\/lacavemontreuxriviera.ch\/wp-content\/uploads\/2025\/05\/LCMR-LaPerleDeMontreux-33cl-Reflet-LD-768x1152.png 768w, https:\/\/lacavemontreuxriviera.ch\/wp-content\/uploads\/2025\/05\/LCMR-LaPerleDeMontreux-33cl-Reflet-LD-1024x1536.png 1024w\" sizes=\"(max-width: 1280px) 100vw, 1280px\" \/><\/a><\/div><div class=\"product-meta-wrap\"><h2 class=\"woocommerce-loop-product__title\"><a href=\"https:\/\/lacavemontreuxriviera.ch\/de\/vin\/traubensaft-mit-kohlensaeure\/\">Traubensaft mit Kohlens\u00e4ure<\/a><\/h2>\n\t<span class=\"price\"><span class=\"woocommerce-Price-amount amount\" aria-hidden=\"true\"><bdi><span class=\"woocommerce-Price-currencySymbol\">&#67;&#72;&#70;<\/span>&nbsp;4.20<\/bdi><\/span> <span aria-hidden=\"true\"> \u2013 <\/span> <span class=\"woocommerce-Price-amount amount\" aria-hidden=\"true\"><bdi><span class=\"woocommerce-Price-currencySymbol\">&#67;&#72;&#70;<\/span>&nbsp;60.00<\/bdi><\/span><span class=\"screen-reader-text\">Preisspanne: &#67;&#72;&#70;&nbsp;4.20 bis &#67;&#72;&#70;&nbsp;60.00<\/span><\/span>\n<a href=\"https:\/\/lacavemontreuxriviera.ch\/de\/vin\/traubensaft-mit-kohlensaeure\/\" aria-describedby=\"woocommerce_loop_add_to_cart_link_describedby_8910\" data-quantity=\"1\" class=\"button product_type_variable add_to_cart_button\" data-product_id=\"8910\" data-product_sku=\"\" aria-label=\"W\u00e4hle Optionen f\u00fcr \u201eTraubensaft mit Kohlens\u00e4ure\u201c\" rel=\"nofollow\"><span class=\"loader\"><\/span><span>Ausf\u00fchrung w\u00e4hlen<\/span><\/a>\t<span id=\"woocommerce_loop_add_to_cart_link_describedby_8910\" class=\"screen-reader-text\">\n\t\tDieses Produkt weist mehrere Varianten auf. Die Optionen k\u00f6nnen auf der Produktseite gew\u00e4hlt werden\t<\/span>\n<\/div><\/li>\n<li class=\"product type-product post-8932 status-publish last instock product_cat-carre-das-de product_tag-weis has-post-thumbnail shipping-taxable purchasable product-type-simple\">\n\t<div class=\"product-image-wrap\"><a href=\"https:\/\/lacavemontreuxriviera.ch\/de\/vin\/montreux-chasselas\/\" class=\"woocommerce-LoopProduct-link woocommerce-loop-product__link\"><img decoding=\"async\" width=\"1280\" height=\"1920\" src=\"https:\/\/lacavemontreuxriviera.ch\/wp-content\/uploads\/2025\/05\/LCMR-CarreDas-Blanc-Reflet-LD.png\" class=\"attachment-woocommerce_thumbnail size-woocommerce_thumbnail\" alt=\"Montreux &lt;br&gt;&lt;span style=&quot;color:#c19328;font-style:italic;font-size:65%;&quot;&gt;Chasselas&lt;\/span&gt;\" srcset=\"https:\/\/lacavemontreuxriviera.ch\/wp-content\/uploads\/2025\/05\/LCMR-CarreDas-Blanc-Reflet-LD.png 1280w, https:\/\/lacavemontreuxriviera.ch\/wp-content\/uploads\/2025\/05\/LCMR-CarreDas-Blanc-Reflet-LD-200x300.png 200w, https:\/\/lacavemontreuxriviera.ch\/wp-content\/uploads\/2025\/05\/LCMR-CarreDas-Blanc-Reflet-LD-683x1024.png 683w, https:\/\/lacavemontreuxriviera.ch\/wp-content\/uploads\/2025\/05\/LCMR-CarreDas-Blanc-Reflet-LD-768x1152.png 768w, https:\/\/lacavemontreuxriviera.ch\/wp-content\/uploads\/2025\/05\/LCMR-CarreDas-Blanc-Reflet-LD-1024x1536.png 1024w\" sizes=\"(max-width: 1280px) 100vw, 1280px\" \/><\/a><\/div><div class=\"product-meta-wrap\"><h2 class=\"woocommerce-loop-product__title\"><a href=\"https:\/\/lacavemontreuxriviera.ch\/de\/vin\/montreux-chasselas\/\">Montreux <br><span style=\"color:#c19328;font-style:italic;font-size:65%;\">Chasselas<\/span><\/a><\/h2>\n\t<span class=\"price\"><span class=\"woocommerce-Price-amount amount\"><bdi><span class=\"woocommerce-Price-currencySymbol\">&#67;&#72;&#70;<\/span>&nbsp;7.00<\/bdi><\/span><\/span>\n<a href=\"\/de\/wp-json\/wp\/v2\/pages\/8741?add-to-cart=8932\" aria-describedby=\"woocommerce_loop_add_to_cart_link_describedby_8932\" data-quantity=\"1\" class=\"button product_type_simple add_to_cart_button ajax_add_to_cart\" data-product_id=\"8932\" data-product_sku=\"\" aria-label=\"In den Warenkorb legen: \u201eMontreux Chasselas\u201c\" rel=\"nofollow\" data-success_message=\"\u201eMontreux &lt;br&gt;&lt;span style=&quot;color:#c19328;font-style:italic;font-size:65%;&quot;&gt;Chasselas&lt;\/span&gt;\u201c wurde deinem Warenkorb hinzugef\u00fcgt\" role=\"button\"><span class=\"loader\"><\/span><span>In den Warenkorb<\/span><\/a>\t<span id=\"woocommerce_loop_add_to_cart_link_describedby_8932\" class=\"screen-reader-text\">\n\t\t\t<\/span>\n<\/div><\/li>\n<li class=\"product type-product post-8947 status-publish first instock product_cat-carre-das-de product_tag-rot has-post-thumbnail shipping-taxable purchasable product-type-simple\">\n\t<div class=\"product-image-wrap\"><a href=\"https:\/\/lacavemontreuxriviera.ch\/de\/vin\/montreux-assemblage-rot\/\" class=\"woocommerce-LoopProduct-link woocommerce-loop-product__link\"><img loading=\"lazy\" decoding=\"async\" width=\"1280\" height=\"1920\" src=\"https:\/\/lacavemontreuxriviera.ch\/wp-content\/uploads\/2025\/05\/LCMR-CarreDas-Rouge-Reflet-LD.png\" class=\"attachment-woocommerce_thumbnail size-woocommerce_thumbnail\" alt=\"Montreux &lt;br&gt;&lt;span style=&quot;color:#c19328;font-style:italic;font-size:65%;&quot;&gt;Assemblage Rot&lt;\/span&gt;\" srcset=\"https:\/\/lacavemontreuxriviera.ch\/wp-content\/uploads\/2025\/05\/LCMR-CarreDas-Rouge-Reflet-LD.png 1280w, https:\/\/lacavemontreuxriviera.ch\/wp-content\/uploads\/2025\/05\/LCMR-CarreDas-Rouge-Reflet-LD-200x300.png 200w, https:\/\/lacavemontreuxriviera.ch\/wp-content\/uploads\/2025\/05\/LCMR-CarreDas-Rouge-Reflet-LD-683x1024.png 683w, https:\/\/lacavemontreuxriviera.ch\/wp-content\/uploads\/2025\/05\/LCMR-CarreDas-Rouge-Reflet-LD-768x1152.png 768w, https:\/\/lacavemontreuxriviera.ch\/wp-content\/uploads\/2025\/05\/LCMR-CarreDas-Rouge-Reflet-LD-1024x1536.png 1024w\" sizes=\"(max-width: 1280px) 100vw, 1280px\" \/><\/a><\/div><div class=\"product-meta-wrap\"><h2 class=\"woocommerce-loop-product__title\"><a href=\"https:\/\/lacavemontreuxriviera.ch\/de\/vin\/montreux-assemblage-rot\/\">Montreux <br><span style=\"color:#c19328;font-style:italic;font-size:65%;\">Assemblage Rot<\/span><\/a><\/h2>\n\t<span class=\"price\"><span class=\"woocommerce-Price-amount amount\"><bdi><span class=\"woocommerce-Price-currencySymbol\">&#67;&#72;&#70;<\/span>&nbsp;7.00<\/bdi><\/span><\/span>\n<a href=\"\/de\/wp-json\/wp\/v2\/pages\/8741?add-to-cart=8947\" aria-describedby=\"woocommerce_loop_add_to_cart_link_describedby_8947\" data-quantity=\"1\" class=\"button product_type_simple add_to_cart_button ajax_add_to_cart\" data-product_id=\"8947\" data-product_sku=\"\" aria-label=\"In den Warenkorb legen: \u201eMontreux Assemblage Rot\u201c\" rel=\"nofollow\" data-success_message=\"\u201eMontreux &lt;br&gt;&lt;span style=&quot;color:#c19328;font-style:italic;font-size:65%;&quot;&gt;Assemblage Rot&lt;\/span&gt;\u201c wurde deinem Warenkorb hinzugef\u00fcgt\" role=\"button\"><span class=\"loader\"><\/span><span>In den Warenkorb<\/span><\/a>\t<span id=\"woocommerce_loop_add_to_cart_link_describedby_8947\" class=\"screen-reader-text\">\n\t\t\t<\/span>\n<\/div><\/li>\n<li class=\"product type-product post-8939 status-publish instock product_cat-carre-das-de product_tag-rose has-post-thumbnail shipping-taxable purchasable product-type-simple\">\n\t<div class=\"product-image-wrap\"><a href=\"https:\/\/lacavemontreuxriviera.ch\/de\/vin\/montreux-rosede-gamay\/\" class=\"woocommerce-LoopProduct-link woocommerce-loop-product__link\"><img loading=\"lazy\" decoding=\"async\" width=\"1280\" height=\"1920\" src=\"https:\/\/lacavemontreuxriviera.ch\/wp-content\/uploads\/2025\/05\/LCMR-CarreDas-Rose-Reflet-LD.png\" class=\"attachment-woocommerce_thumbnail size-woocommerce_thumbnail\" alt=\"Montreux &lt;br&gt; Ros\u00e9&lt;span style=&quot;color:#c19328;font-style:italic;font-size:65%;&quot;&gt;de Gamay&lt;\/span&gt;\" srcset=\"https:\/\/lacavemontreuxriviera.ch\/wp-content\/uploads\/2025\/05\/LCMR-CarreDas-Rose-Reflet-LD.png 1280w, https:\/\/lacavemontreuxriviera.ch\/wp-content\/uploads\/2025\/05\/LCMR-CarreDas-Rose-Reflet-LD-200x300.png 200w, https:\/\/lacavemontreuxriviera.ch\/wp-content\/uploads\/2025\/05\/LCMR-CarreDas-Rose-Reflet-LD-683x1024.png 683w, https:\/\/lacavemontreuxriviera.ch\/wp-content\/uploads\/2025\/05\/LCMR-CarreDas-Rose-Reflet-LD-768x1152.png 768w, https:\/\/lacavemontreuxriviera.ch\/wp-content\/uploads\/2025\/05\/LCMR-CarreDas-Rose-Reflet-LD-1024x1536.png 1024w\" sizes=\"(max-width: 1280px) 100vw, 1280px\" \/><\/a><\/div><div class=\"product-meta-wrap\"><h2 class=\"woocommerce-loop-product__title\"><a href=\"https:\/\/lacavemontreuxriviera.ch\/de\/vin\/montreux-rosede-gamay\/\">Montreux <br> Ros\u00e9<span style=\"color:#c19328;font-style:italic;font-size:65%;\">de Gamay<\/span><\/a><\/h2>\n\t<span class=\"price\"><span class=\"woocommerce-Price-amount amount\"><bdi><span class=\"woocommerce-Price-currencySymbol\">&#67;&#72;&#70;<\/span>&nbsp;7.00<\/bdi><\/span><\/span>\n<a href=\"\/de\/wp-json\/wp\/v2\/pages\/8741?add-to-cart=8939\" aria-describedby=\"woocommerce_loop_add_to_cart_link_describedby_8939\" data-quantity=\"1\" class=\"button product_type_simple add_to_cart_button ajax_add_to_cart\" data-product_id=\"8939\" data-product_sku=\"\" aria-label=\"In den Warenkorb legen: \u201eMontreux  Ros\u00e9de Gamay\u201c\" rel=\"nofollow\" data-success_message=\"\u201eMontreux &lt;br&gt; Ros\u00e9&lt;span style=&quot;color:#c19328;font-style:italic;font-size:65%;&quot;&gt;de Gamay&lt;\/span&gt;\u201c wurde deinem Warenkorb hinzugef\u00fcgt\" role=\"button\"><span class=\"loader\"><\/span><span>In den Warenkorb<\/span><\/a>\t<span id=\"woocommerce_loop_add_to_cart_link_describedby_8939\" class=\"screen-reader-text\">\n\t\t\t<\/span>\n<\/div><\/li>\n<\/ul>\n<\/div>\t\t\t\t<\/div>\n\t\t\t\t<\/div>\n\t\t\t\t\t<\/div>\n\t\t\t\t<\/div>\n\t\t\t\t<\/div>\n\t\t","protected":false},"excerpt":{"rendered":"<p>Unser Angebot Die Asse Unsere Linie Les As ist zug\u00e4nglich und perfekt f\u00fcr alle geselligen Momente. Diese Weine, die k\u00fchl zu genie\u00dfen sind, haben es in sich und spiegeln die Qualit\u00e4t und das Know-how der Kellerei wider. Ob f\u00fcr einen Aperitif mit Freunden oder ein entspanntes Essen, die Les As Linie bietet Ihnen ein authentisches<\/p>\n<p class=\"more-link-wrapper\"><a class=\"btn btn-primary\" href=\"https:\/\/lacavemontreuxriviera.ch\/de\/die-as-serie\/\">Read More<\/a><\/p>\n","protected":false},"author":1,"featured_media":0,"parent":0,"menu_order":4,"comment_status":"closed","ping_status":"closed","template":"elementor_header_footer","meta":{"footnotes":""},"class_list":["post-8741","page","type-page","status-publish","hentry"],"_links":{"self":[{"href":"https:\/\/lacavemontreuxriviera.ch\/de\/wp-json\/wp\/v2\/pages\/8741","targetHints":{"allow":["GET"]}}],"collection":[{"href":"https:\/\/lacavemontreuxriviera.ch\/de\/wp-json\/wp\/v2\/pages"}],"about":[{"href":"https:\/\/lacavemontreuxriviera.ch\/de\/wp-json\/wp\/v2\/types\/page"}],"author":[{"embeddable":true,"href":"https:\/\/lacavemontreuxriviera.ch\/de\/wp-json\/wp\/v2\/users\/1"}],"replies":[{"embeddable":true,"href":"https:\/\/lacavemontreuxriviera.ch\/de\/wp-json\/wp\/v2\/comments?post=8741"}],"version-history":[{"count":0,"href":"https:\/\/lacavemontreuxriviera.ch\/de\/wp-json\/wp\/v2\/pages\/8741\/revisions"}],"wp:attachment":[{"href":"https:\/\/lacavemontreuxriviera.ch\/de\/wp-json\/wp\/v2\/media?parent=8741"}],"curies":[{"name":"wp","href":"https:\/\/api.w.org\/{rel}","templated":true}]}}