{"id":8728,"date":"2025-06-16T11:55:49","date_gmt":"2025-06-16T09:55:49","guid":{"rendered":"https:\/\/lacavemontreuxriviera.ch\/die-mitglieder\/"},"modified":"2025-06-17T15:15:36","modified_gmt":"2025-06-17T13:15:36","slug":"die-mitglieder","status":"publish","type":"page","link":"https:\/\/lacavemontreuxriviera.ch\/de\/die-mitglieder\/","title":{"rendered":"Die Mitglieder"},"content":{"rendered":"\t\t<div data-elementor-type=\"wp-page\" data-elementor-id=\"8728\" class=\"elementor elementor-8728 elementor-8678\" data-elementor-post-type=\"page\">\n\t\t\t\t<div class=\"elementor-element elementor-element-4a558a3 e-con-full e-flex e-con e-parent\" data-id=\"4a558a3\" data-element_type=\"container\" data-e-type=\"container\">\n\t\t<div class=\"elementor-element elementor-element-538c75a e-con-full e-flex e-con e-child\" data-id=\"538c75a\" data-element_type=\"container\" data-e-type=\"container\">\n\t\t<div class=\"elementor-element elementor-element-9816cf0 e-con-full e-flex e-con e-child\" data-id=\"9816cf0\" data-element_type=\"container\" data-e-type=\"container\" data-settings=\"{&quot;background_background&quot;:&quot;classic&quot;,&quot;background_motion_fx_motion_fx_scrolling&quot;:&quot;yes&quot;,&quot;background_motion_fx_devices&quot;:[&quot;desktop&quot;,&quot;tablet&quot;,&quot;mobile&quot;]}\">\n\t\t<div class=\"elementor-element elementor-element-9af572a e-con-full e-flex e-con e-child\" data-id=\"9af572a\" data-element_type=\"container\" data-e-type=\"container\">\n\t\t\t\t<div class=\"elementor-element elementor-element-debbfd7 elementor-widget elementor-widget-heading\" data-id=\"debbfd7\" data-element_type=\"widget\" data-e-type=\"widget\" data-widget_type=\"heading.default\">\n\t\t\t\t\t<h6 class=\"elementor-heading-title elementor-size-default\">Unsere Mitglieder<\/h6>\t\t\t\t<\/div>\n\t\t\t\t<div class=\"elementor-element elementor-element-721c923 elementor-widget elementor-widget-heading\" data-id=\"721c923\" data-element_type=\"widget\" data-e-type=\"widget\" data-widget_type=\"heading.default\">\n\t\t\t\t\t<h1 class=\"elementor-heading-title elementor-size-default\">\nEin Erbe, das in der Zeit verwurzelt ist<\/h1>\t\t\t\t<\/div>\n\t\t\t\t<\/div>\n\t\t\t\t<\/div>\n\t\t\t\t<\/div>\n\t\t\t\t<\/div>\n\t\t<div class=\"elementor-element elementor-element-d8338e9 e-flex e-con-boxed e-con e-parent\" data-id=\"d8338e9\" data-element_type=\"container\" data-e-type=\"container\" id=\"cave\">\n\t\t\t\t\t<div class=\"e-con-inner\">\n\t\t<div class=\"elementor-element elementor-element-0e77046 e-con-full e-flex e-con e-child\" data-id=\"0e77046\" data-element_type=\"container\" data-e-type=\"container\">\n\t\t<div class=\"elementor-element elementor-element-a980f6f e-con-full e-flex e-con e-child\" data-id=\"a980f6f\" data-element_type=\"container\" data-e-type=\"container\">\n\t\t\t\t<div class=\"elementor-element elementor-element-70bde89 elementor-widget elementor-widget-text-editor\" data-id=\"70bde89\" data-element_type=\"widget\" data-e-type=\"widget\" data-widget_type=\"text-editor.default\">\n\t\t\t\t\t\t\t\t\t<p><span style=\"color: #333333;\"><b>1939<\/b>, in der Hektik einer von weltweiten Umw\u00e4lzungen gepr\u00e4gten Zeit, beschloss eine kleine Gruppe von Weinbauern aus der Region <b>Vevey-Montreux<\/b>, sich um eine einfache, aber kraftvolle Idee zu versammeln: ihre F\u00e4higkeiten zu vereinen und eine gemeinsame Kellerei zu gr\u00fcnden. So entstand <b>La Cave Vevey-Montreux<\/b>, ein Symbol der b\u00e4uerlichen Solidarit\u00e4t und einer tiefen Liebe zur Erde.<br>Im Laufe der Jahrzehnte hat sich dieses menschliche Abenteuer weiterentwickelt. Neue Gesichter, neue Parzellen und prestigetr\u00e4chtige Appellationen haben dieses Gemeinschaftsprojekt bereichert. Jede Generation hat ihren Teil zum Geb\u00e4ude beigetragen, im Respekt der Traditionen und mit dem Willen, ein lebendiges Erbe weiterzugeben.   <\/span><\/p>\t\t\t\t\t\t\t\t<\/div>\n\t\t\t\t<\/div>\n\t\t<div class=\"elementor-element elementor-element-1f387e5 e-con-full e-flex e-con e-child\" data-id=\"1f387e5\" data-element_type=\"container\" data-e-type=\"container\" data-settings=\"{&quot;motion_fx_motion_fx_scrolling&quot;:&quot;yes&quot;,&quot;motion_fx_translateY_effect&quot;:&quot;yes&quot;,&quot;motion_fx_translateY_speed&quot;:{&quot;unit&quot;:&quot;px&quot;,&quot;size&quot;:2,&quot;sizes&quot;:[]},&quot;motion_fx_translateY_affectedRange&quot;:{&quot;unit&quot;:&quot;%&quot;,&quot;size&quot;:&quot;&quot;,&quot;sizes&quot;:{&quot;start&quot;:50,&quot;end&quot;:100}},&quot;motion_fx_devices&quot;:[&quot;desktop&quot;,&quot;tablet&quot;,&quot;mobile&quot;]}\">\n\t\t\t\t<div class=\"elementor-element elementor-element-e1c5496 elementor-widget elementor-widget-image\" data-id=\"e1c5496\" data-element_type=\"widget\" data-e-type=\"widget\" data-widget_type=\"image.default\">\n\t\t\t\t\t\t\t\t\t\t\t\t<figure class=\"wp-caption\">\n\t\t\t\t\t\t\t\t\t\t<img fetchpriority=\"high\" decoding=\"async\" width=\"934\" height=\"700\" src=\"https:\/\/lacavemontreuxriviera.ch\/wp-content\/uploads\/2025\/06\/lcmr-montreux-historique.png\" class=\"attachment-full size-full wp-image-8573\" alt=\"\" srcset=\"https:\/\/lacavemontreuxriviera.ch\/wp-content\/uploads\/2025\/06\/lcmr-montreux-historique.png 934w, https:\/\/lacavemontreuxriviera.ch\/wp-content\/uploads\/2025\/06\/lcmr-montreux-historique-300x225.png 300w, https:\/\/lacavemontreuxriviera.ch\/wp-content\/uploads\/2025\/06\/lcmr-montreux-historique-768x576.png 768w\" sizes=\"(max-width: 934px) 100vw, 934px\" \/>\t\t\t\t\t\t\t\t\t\t\t<figcaption class=\"widget-image-caption wp-caption-text\"><\/figcaption>\n\t\t\t\t\t\t\t\t\t\t<\/figure>\n\t\t\t\t\t\t\t\t\t<\/div>\n\t\t\t\t<\/div>\n\t\t\t\t<\/div>\n\t\t<div class=\"elementor-element elementor-element-d92b70c e-con-full e-flex e-con e-child\" data-id=\"d92b70c\" data-element_type=\"container\" data-e-type=\"container\">\n\t\t<div class=\"elementor-element elementor-element-2417564 e-con-full e-flex e-con e-child\" data-id=\"2417564\" data-element_type=\"container\" data-e-type=\"container\" data-settings=\"{&quot;motion_fx_motion_fx_scrolling&quot;:&quot;yes&quot;,&quot;motion_fx_translateY_effect&quot;:&quot;yes&quot;,&quot;motion_fx_translateY_speed&quot;:{&quot;unit&quot;:&quot;px&quot;,&quot;size&quot;:2,&quot;sizes&quot;:[]},&quot;motion_fx_translateY_affectedRange&quot;:{&quot;unit&quot;:&quot;%&quot;,&quot;size&quot;:&quot;&quot;,&quot;sizes&quot;:{&quot;start&quot;:50,&quot;end&quot;:100}},&quot;motion_fx_devices&quot;:[&quot;desktop&quot;,&quot;tablet&quot;,&quot;mobile&quot;]}\">\n\t\t\t\t<div class=\"elementor-element elementor-element-5132461 elementor-widget elementor-widget-image\" data-id=\"5132461\" data-element_type=\"widget\" data-e-type=\"widget\" data-widget_type=\"image.default\">\n\t\t\t\t\t\t\t\t\t\t\t\t<figure class=\"wp-caption\">\n\t\t\t\t\t\t\t\t\t\t<img decoding=\"async\" width=\"1600\" height=\"900\" src=\"https:\/\/lacavemontreuxriviera.ch\/wp-content\/uploads\/2025\/06\/LCMR-Boutique-WEB.jpg\" class=\"attachment-full size-full wp-image-8588\" alt=\"\" srcset=\"https:\/\/lacavemontreuxriviera.ch\/wp-content\/uploads\/2025\/06\/LCMR-Boutique-WEB.jpg 1600w, https:\/\/lacavemontreuxriviera.ch\/wp-content\/uploads\/2025\/06\/LCMR-Boutique-WEB-300x169.jpg 300w, https:\/\/lacavemontreuxriviera.ch\/wp-content\/uploads\/2025\/06\/LCMR-Boutique-WEB-1024x576.jpg 1024w, https:\/\/lacavemontreuxriviera.ch\/wp-content\/uploads\/2025\/06\/LCMR-Boutique-WEB-768x432.jpg 768w, https:\/\/lacavemontreuxriviera.ch\/wp-content\/uploads\/2025\/06\/LCMR-Boutique-WEB-1536x864.jpg 1536w\" sizes=\"(max-width: 1600px) 100vw, 1600px\" \/>\t\t\t\t\t\t\t\t\t\t\t<figcaption class=\"widget-image-caption wp-caption-text\"><\/figcaption>\n\t\t\t\t\t\t\t\t\t\t<\/figure>\n\t\t\t\t\t\t\t\t\t<\/div>\n\t\t\t\t<\/div>\n\t\t<div class=\"elementor-element elementor-element-e1e6193 e-con-full e-flex e-con e-child\" data-id=\"e1e6193\" data-element_type=\"container\" data-e-type=\"container\">\n\t\t\t\t<div class=\"elementor-element elementor-element-62ffead elementor-widget elementor-widget-text-editor\" data-id=\"62ffead\" data-element_type=\"widget\" data-e-type=\"widget\" data-widget_type=\"text-editor.default\">\n\t\t\t\t\t\t\t\t\t<p>Im Jahr <b>2023<\/b> nahm die Kellerei einen neuen Namen an: <b>La Cave Montreux Riviera<\/b>, eine Anspielung auf ihre regionale Verankerung und ihre Offenheit f\u00fcr die Zukunft. Heute umfasst sie fast <b>45 Hektar<\/b> Weinberge in der <b>kontrollierten Herkunftsbezeichnung Lavaux<\/b>, die von etwa 40 Winzern bewirtschaftet werden, die ein von Hand zu Hand weitergegebenes Know-how bewahren. <\/p><p>Dazu geh\u00f6ren emblematische Weing\u00fcter wie <b>Ch\u00e2teau des Cr\u00eates<\/b> oder <b>Clos de Plan-Chailly<\/b>, die von einer reichen und respektierten Weinbaugeschichte zeugen. Jeder Cru wird hier mit Sorgfalt vinifiziert, mit einem pers\u00f6nlichen Ansatz, bei dem der Winzer die Seele des Weines bleibt. <\/p>\t\t\t\t\t\t\t\t<\/div>\n\t\t\t\t<\/div>\n\t\t\t\t<\/div>\n\t\t<div class=\"elementor-element elementor-element-e969919 e-con-full e-flex e-con e-child\" data-id=\"e969919\" data-element_type=\"container\" data-e-type=\"container\">\n\t\t<div class=\"elementor-element elementor-element-cdc3a20 e-con-full e-flex e-con e-child\" data-id=\"cdc3a20\" data-element_type=\"container\" data-e-type=\"container\">\n\t\t\t\t<div class=\"elementor-element elementor-element-ba0108a elementor-widget elementor-widget-text-editor\" data-id=\"ba0108a\" data-element_type=\"widget\" data-e-type=\"widget\" data-widget_type=\"text-editor.default\">\n\t\t\t\t\t\t\t\t\t<p><b>Die Cave Montreux Riviera<\/b>, die dem genossenschaftlichen Geist ihrer Urspr\u00fcnge treu geblieben ist, geh\u00f6rt immer noch ihren Mitgliedern. Sie, die Weinbauern, sind es, die die Entscheidungen, die Ausrichtung und die Weinlese pr\u00e4gen. Der Mensch steht im Mittelpunkt dieses Abenteuers, genauso wie er es 1939 war.  <\/p><p>In einer Welt, die auf der Suche nach Sinn und Authentizit\u00e4t ist, setzt sich das Genossenschaftsmodell mit ruhiger Kraft durch. Es garantiert die Verarbeitung aller Ernten, schaltet den Zwischenhandel aus und reinvestiert die Gewinne zugunsten derer, die den Wein machen. Eine M\u00f6glichkeit, dem Geist der Gr\u00fcnder treu zu bleiben und gleichzeitig mit Zuversicht in die Zukunft zu blicken.  <\/p>\t\t\t\t\t\t\t\t<\/div>\n\t\t\t\t<\/div>\n\t\t<div class=\"elementor-element elementor-element-13e9ec4 e-con-full e-flex e-con e-child\" data-id=\"13e9ec4\" data-element_type=\"container\" data-e-type=\"container\" data-settings=\"{&quot;motion_fx_motion_fx_scrolling&quot;:&quot;yes&quot;,&quot;motion_fx_translateY_effect&quot;:&quot;yes&quot;,&quot;motion_fx_translateY_speed&quot;:{&quot;unit&quot;:&quot;px&quot;,&quot;size&quot;:2,&quot;sizes&quot;:[]},&quot;motion_fx_translateY_affectedRange&quot;:{&quot;unit&quot;:&quot;%&quot;,&quot;size&quot;:&quot;&quot;,&quot;sizes&quot;:{&quot;start&quot;:50,&quot;end&quot;:100}},&quot;motion_fx_devices&quot;:[&quot;desktop&quot;,&quot;tablet&quot;,&quot;mobile&quot;]}\">\n\t\t\t\t<div class=\"elementor-element elementor-element-fb6517d elementor-widget elementor-widget-image\" data-id=\"fb6517d\" data-element_type=\"widget\" data-e-type=\"widget\" data-widget_type=\"image.default\">\n\t\t\t\t\t\t\t\t\t\t\t\t<figure class=\"wp-caption\">\n\t\t\t\t\t\t\t\t\t\t<img decoding=\"async\" width=\"1920\" height=\"1306\" src=\"https:\/\/lacavemontreuxriviera.ch\/wp-content\/uploads\/2025\/06\/P1013253-edit-WEB.jpg\" class=\"attachment-full size-full wp-image-8585\" alt=\"\" srcset=\"https:\/\/lacavemontreuxriviera.ch\/wp-content\/uploads\/2025\/06\/P1013253-edit-WEB.jpg 1920w, https:\/\/lacavemontreuxriviera.ch\/wp-content\/uploads\/2025\/06\/P1013253-edit-WEB-300x204.jpg 300w, https:\/\/lacavemontreuxriviera.ch\/wp-content\/uploads\/2025\/06\/P1013253-edit-WEB-1024x697.jpg 1024w, https:\/\/lacavemontreuxriviera.ch\/wp-content\/uploads\/2025\/06\/P1013253-edit-WEB-768x522.jpg 768w, https:\/\/lacavemontreuxriviera.ch\/wp-content\/uploads\/2025\/06\/P1013253-edit-WEB-1536x1045.jpg 1536w\" sizes=\"(max-width: 1920px) 100vw, 1920px\" \/>\t\t\t\t\t\t\t\t\t\t\t<figcaption class=\"widget-image-caption wp-caption-text\"><\/figcaption>\n\t\t\t\t\t\t\t\t\t\t<\/figure>\n\t\t\t\t\t\t\t\t\t<\/div>\n\t\t\t\t<\/div>\n\t\t\t\t<\/div>\n\t\t\t\t\t<\/div>\n\t\t\t\t<\/div>\n\t\t<div class=\"elementor-element elementor-element-b8d277b e-flex e-con-boxed e-con e-parent\" data-id=\"b8d277b\" data-element_type=\"container\" data-e-type=\"container\" id=\"equipe\">\n\t\t\t\t\t<div class=\"e-con-inner\">\n\t\t<div class=\"elementor-element elementor-element-9f1dc7b e-con-full e-flex e-con e-child\" data-id=\"9f1dc7b\" data-element_type=\"container\" data-e-type=\"container\">\n\t\t\t\t<div class=\"elementor-element elementor-element-3d29c78 elementor-widget elementor-widget-heading\" data-id=\"3d29c78\" data-element_type=\"widget\" data-e-type=\"widget\" data-widget_type=\"heading.default\">\n\t\t\t\t\t<h2 class=\"elementor-heading-title elementor-size-default\">Die Gesellschaftergemeinden<\/h2>\t\t\t\t<\/div>\n\t\t<div class=\"elementor-element elementor-element-88422f8 e-con-full e-flex e-con e-child\" data-id=\"88422f8\" data-element_type=\"container\" data-e-type=\"container\">\n\t\t<div class=\"elementor-element elementor-element-d0f2366 e-con-full e-flex e-con e-child\" data-id=\"d0f2366\" data-element_type=\"container\" data-e-type=\"container\" data-settings=\"{&quot;background_background&quot;:&quot;classic&quot;}\">\n\t\t<div class=\"elementor-element elementor-element-20efd2d e-con-full e-flex e-con e-child\" data-id=\"20efd2d\" data-element_type=\"container\" data-e-type=\"container\" data-settings=\"{&quot;background_background&quot;:&quot;classic&quot;}\">\n\t\t\t\t<div class=\"elementor-element elementor-element-c1a66af elementor-widget elementor-widget-image\" data-id=\"c1a66af\" data-element_type=\"widget\" data-e-type=\"widget\" data-widget_type=\"image.default\">\n\t\t\t\t\t\t\t\t\t\t\t\t\t\t\t<img loading=\"lazy\" decoding=\"async\" width=\"1024\" height=\"1275\" src=\"https:\/\/lacavemontreuxriviera.ch\/wp-content\/uploads\/2025\/06\/CHE_Montreux_COA.svg.png\" class=\"attachment-full size-full wp-image-8683\" alt=\"\" srcset=\"https:\/\/lacavemontreuxriviera.ch\/wp-content\/uploads\/2025\/06\/CHE_Montreux_COA.svg.png 1024w, https:\/\/lacavemontreuxriviera.ch\/wp-content\/uploads\/2025\/06\/CHE_Montreux_COA.svg-241x300.png 241w, https:\/\/lacavemontreuxriviera.ch\/wp-content\/uploads\/2025\/06\/CHE_Montreux_COA.svg-822x1024.png 822w, https:\/\/lacavemontreuxriviera.ch\/wp-content\/uploads\/2025\/06\/CHE_Montreux_COA.svg-768x956.png 768w\" sizes=\"(max-width: 1024px) 100vw, 1024px\" \/>\t\t\t\t\t\t\t\t\t\t\t\t\t\t\t<\/div>\n\t\t\t\t<div class=\"elementor-element elementor-element-b2f83fe elementor-widget elementor-widget-heading\" data-id=\"b2f83fe\" data-element_type=\"widget\" data-e-type=\"widget\" data-widget_type=\"heading.default\">\n\t\t\t\t\t<div class=\"elementor-heading-title elementor-size-default\">Gemeinde <br>Montreux<\/div>\t\t\t\t<\/div>\n\t\t\t\t<\/div>\n\t\t<div class=\"elementor-element elementor-element-9ae75cf e-con-full e-flex e-con e-child\" data-id=\"9ae75cf\" data-element_type=\"container\" data-e-type=\"container\" data-settings=\"{&quot;background_background&quot;:&quot;classic&quot;}\">\n\t\t\t\t<div class=\"elementor-element elementor-element-a4e5318 elementor-widget elementor-widget-image\" data-id=\"a4e5318\" data-element_type=\"widget\" data-e-type=\"widget\" data-widget_type=\"image.default\">\n\t\t\t\t\t\t\t\t\t\t\t\t\t\t\t<img loading=\"lazy\" decoding=\"async\" width=\"1024\" height=\"1271\" src=\"https:\/\/lacavemontreuxriviera.ch\/wp-content\/uploads\/2025\/06\/CHE_Blonay-Saint-Legier_COA.svg.png\" class=\"attachment-full size-full wp-image-8680\" alt=\"\" srcset=\"https:\/\/lacavemontreuxriviera.ch\/wp-content\/uploads\/2025\/06\/CHE_Blonay-Saint-Legier_COA.svg.png 1024w, https:\/\/lacavemontreuxriviera.ch\/wp-content\/uploads\/2025\/06\/CHE_Blonay-Saint-Legier_COA.svg-242x300.png 242w, https:\/\/lacavemontreuxriviera.ch\/wp-content\/uploads\/2025\/06\/CHE_Blonay-Saint-Legier_COA.svg-825x1024.png 825w, https:\/\/lacavemontreuxriviera.ch\/wp-content\/uploads\/2025\/06\/CHE_Blonay-Saint-Legier_COA.svg-768x953.png 768w\" sizes=\"(max-width: 1024px) 100vw, 1024px\" \/>\t\t\t\t\t\t\t\t\t\t\t\t\t\t\t<\/div>\n\t\t\t\t<div class=\"elementor-element elementor-element-80570e3 elementor-widget elementor-widget-heading\" data-id=\"80570e3\" data-element_type=\"widget\" data-e-type=\"widget\" data-widget_type=\"heading.default\">\n\t\t\t\t\t<div class=\"elementor-heading-title elementor-size-default\">Gemeinde <br>Blonay-St-L\u00e9gier<\/div>\t\t\t\t<\/div>\n\t\t\t\t<\/div>\n\t\t<div class=\"elementor-element elementor-element-882e227 e-con-full e-flex e-con e-child\" data-id=\"882e227\" data-element_type=\"container\" data-e-type=\"container\" data-settings=\"{&quot;background_background&quot;:&quot;classic&quot;}\">\n\t\t\t\t<div class=\"elementor-element elementor-element-d6e527c elementor-widget elementor-widget-image\" data-id=\"d6e527c\" data-element_type=\"widget\" data-e-type=\"widget\" data-widget_type=\"image.default\">\n\t\t\t\t\t\t\t\t\t\t\t\t\t\t\t<img loading=\"lazy\" decoding=\"async\" width=\"1024\" height=\"1280\" src=\"https:\/\/lacavemontreuxriviera.ch\/wp-content\/uploads\/2025\/06\/CHE_La_Tour-de-Peilz_COA.svg.png\" class=\"attachment-full size-full wp-image-8682\" alt=\"\" srcset=\"https:\/\/lacavemontreuxriviera.ch\/wp-content\/uploads\/2025\/06\/CHE_La_Tour-de-Peilz_COA.svg.png 1024w, https:\/\/lacavemontreuxriviera.ch\/wp-content\/uploads\/2025\/06\/CHE_La_Tour-de-Peilz_COA.svg-240x300.png 240w, https:\/\/lacavemontreuxriviera.ch\/wp-content\/uploads\/2025\/06\/CHE_La_Tour-de-Peilz_COA.svg-819x1024.png 819w, https:\/\/lacavemontreuxriviera.ch\/wp-content\/uploads\/2025\/06\/CHE_La_Tour-de-Peilz_COA.svg-768x960.png 768w\" sizes=\"(max-width: 1024px) 100vw, 1024px\" \/>\t\t\t\t\t\t\t\t\t\t\t\t\t\t\t<\/div>\n\t\t\t\t<div class=\"elementor-element elementor-element-0ee4334 elementor-widget elementor-widget-heading\" data-id=\"0ee4334\" data-element_type=\"widget\" data-e-type=\"widget\" data-widget_type=\"heading.default\">\n\t\t\t\t\t<div class=\"elementor-heading-title elementor-size-default\">Gemeinde <br>La Tour-de-Peilz<\/div>\t\t\t\t<\/div>\n\t\t\t\t<\/div>\n\t\t\t\t<\/div>\n\t\t\t\t<\/div>\n\t\t\t\t<\/div>\n\t\t\t\t\t<\/div>\n\t\t\t\t<\/div>\n\t\t<div class=\"elementor-element elementor-element-6bb6319 e-flex e-con-boxed e-con e-parent\" data-id=\"6bb6319\" data-element_type=\"container\" data-e-type=\"container\">\n\t\t\t\t\t<div class=\"e-con-inner\">\n\t\t<div class=\"elementor-element elementor-element-d3d8c94 e-con-full e-flex e-con e-child\" data-id=\"d3d8c94\" data-element_type=\"container\" data-e-type=\"container\">\n\t\t\t\t<div class=\"elementor-element elementor-element-490b399 elementor-widget elementor-widget-heading\" data-id=\"490b399\" data-element_type=\"widget\" data-e-type=\"widget\" data-widget_type=\"heading.default\">\n\t\t\t\t\t<h2 class=\"elementor-heading-title elementor-size-default\">Die Gesellschafterfamilien<\/h2>\t\t\t\t<\/div>\n\t\t\t\t<div class=\"elementor-element elementor-element-d7aae4d elementor-widget elementor-widget-text-editor\" data-id=\"d7aae4d\" data-element_type=\"widget\" data-e-type=\"widget\" data-widget_type=\"text-editor.default\">\n\t\t\t\t\t\t\t\t\t<p>Alaime  <br>Amstein<br>Angelovski<br>Biavati<br>Hallo<br>Borlat<br>B\u00fchlmann<br>Capitanio<br>Kardin\u00e4le<br>Chablaix  <br>Cheseaux  <br>Chevalley<br>Chuard<br>Cochard<br>Demierre<br>Diserens<br>Fastiggi<br>Favrod<br>Fontannaz  <br>Mamin<br>Iff<br>Jusufi<br>Krebs<br>Lanz- Bornet<br>Laydu-Dufaux<br>Magnenat<br>Mesa-Lopez<br>Middel-Tissot<br>Monnet<br>Montet<br>Neyroud<br>Paillex<br>Schwab<br>Siegenthaler<br>Vodoz<br>Weber<\/p>\t\t\t\t\t\t\t\t<\/div>\n\t\t\t\t<\/div>\n\t\t\t\t\t<\/div>\n\t\t\t\t<\/div>\n\t\t\t\t<\/div>\n\t\t","protected":false},"excerpt":{"rendered":"<p>Unsere Mitglieder Ein Erbe, das in der Zeit verwurzelt ist 1939, in der Hektik einer von weltweiten Umw\u00e4lzungen gepr\u00e4gten Zeit, beschloss eine kleine Gruppe von Weinbauern aus der Region Vevey-Montreux, sich um eine einfache, aber kraftvolle Idee zu versammeln: ihre F\u00e4higkeiten zu vereinen und eine gemeinsame Kellerei zu gr\u00fcnden. So entstand La Cave Vevey-Montreux, ein<\/p>\n<p class=\"more-link-wrapper\"><a class=\"btn btn-primary\" href=\"https:\/\/lacavemontreuxriviera.ch\/de\/die-mitglieder\/\">Read More<\/a><\/p>\n","protected":false},"author":1,"featured_media":0,"parent":0,"menu_order":8,"comment_status":"closed","ping_status":"closed","template":"elementor_header_footer","meta":{"footnotes":""},"class_list":["post-8728","page","type-page","status-publish","hentry"],"_links":{"self":[{"href":"https:\/\/lacavemontreuxriviera.ch\/de\/wp-json\/wp\/v2\/pages\/8728","targetHints":{"allow":["GET"]}}],"collection":[{"href":"https:\/\/lacavemontreuxriviera.ch\/de\/wp-json\/wp\/v2\/pages"}],"about":[{"href":"https:\/\/lacavemontreuxriviera.ch\/de\/wp-json\/wp\/v2\/types\/page"}],"author":[{"embeddable":true,"href":"https:\/\/lacavemontreuxriviera.ch\/de\/wp-json\/wp\/v2\/users\/1"}],"replies":[{"embeddable":true,"href":"https:\/\/lacavemontreuxriviera.ch\/de\/wp-json\/wp\/v2\/comments?post=8728"}],"version-history":[{"count":0,"href":"https:\/\/lacavemontreuxriviera.ch\/de\/wp-json\/wp\/v2\/pages\/8728\/revisions"}],"wp:attachment":[{"href":"https:\/\/lacavemontreuxriviera.ch\/de\/wp-json\/wp\/v2\/media?parent=8728"}],"curies":[{"name":"wp","href":"https:\/\/api.w.org\/{rel}","templated":true}]}}